{"id":24266,"date":"2024-09-12T15:31:42","date_gmt":"2024-09-12T14:31:42","guid":{"rendered":"https:\/\/marneantic.com\/?post_type=product&#038;p=24266"},"modified":"2024-09-12T15:39:47","modified_gmt":"2024-09-12T14:39:47","slug":"pot-couvert-ancien-en-metal-argente","status":"publish","type":"product","link":"https:\/\/marneantic.com\/index.php\/produit\/pot-couvert-ancien-en-metal-argente\/","title":{"rendered":"Pot couvert ancien en m\u00e9tal argent\u00e9"},"content":{"rendered":"","protected":false},"excerpt":{"rendered":"<p>Pot couvert ancien en m\u00e9tal argent\u00e9, en tr\u00e8s bon \u00e9tat( traces d&rsquo;usage, aucune bosse ni d\u00e9sargenture ), hauteur totale:9.5cm,diametre du socle:9.2cm, diam\u00e8tre int\u00e9rieur: 8cm<\/p>\n","protected":false},"featured_media":24267,"comment_status":"open","ping_status":"closed","template":"","meta":{"_et_pb_use_builder":"","_et_pb_old_content":"","_et_gb_content_width":""},"product_cat":[14],"product_tag":[],"_links":{"self":[{"href":"https:\/\/marneantic.com\/index.php\/wp-json\/wp\/v2\/product\/24266"}],"collection":[{"href":"https:\/\/marneantic.com\/index.php\/wp-json\/wp\/v2\/product"}],"about":[{"href":"https:\/\/marneantic.com\/index.php\/wp-json\/wp\/v2\/types\/product"}],"replies":[{"embeddable":true,"href":"https:\/\/marneantic.com\/index.php\/wp-json\/wp\/v2\/comments?post=24266"}],"wp:featuredmedia":[{"embeddable":true,"href":"https:\/\/marneantic.com\/index.php\/wp-json\/wp\/v2\/media\/24267"}],"wp:attachment":[{"href":"https:\/\/marneantic.com\/index.php\/wp-json\/wp\/v2\/media?parent=24266"}],"wp:term":[{"taxonomy":"product_cat","embeddable":true,"href":"https:\/\/marneantic.com\/index.php\/wp-json\/wp\/v2\/product_cat?post=24266"},{"taxonomy":"product_tag","embeddable":true,"href":"https:\/\/marneantic.com\/index.php\/wp-json\/wp\/v2\/product_tag?post=24266"}],"curies":[{"name":"wp","href":"https:\/\/api.w.org\/{rel}","templated":true}]}}