{"id":24386,"date":"2024-09-24T14:50:13","date_gmt":"2024-09-24T13:50:13","guid":{"rendered":"https:\/\/marneantic.com\/?post_type=product&#038;p=24386"},"modified":"2024-09-24T14:58:52","modified_gmt":"2024-09-24T13:58:52","slug":"porte-pics-vintage-en-metal-annees-70","status":"publish","type":"product","link":"https:\/\/marneantic.com\/index.php\/produit\/porte-pics-vintage-en-metal-annees-70\/","title":{"rendered":"Porte-pics vintage en m\u00e9tal ann\u00e9es 70&prime;"},"content":{"rendered":"","protected":false},"excerpt":{"rendered":"<p><span style=\"font-family: Arial;\">Porte-pics vintage en m\u00e9tal ann\u00e9es 70&prime; repr\u00e9sentant une brouette, complet avec 12 pics, en tr\u00e8s bon \u00e9tat, longueur : 13.5cm,largeur: 4cm,hauteur: 8cm<\/span><\/p>\n<div><\/div>\n","protected":false},"featured_media":24387,"comment_status":"closed","ping_status":"closed","template":"","meta":{"_et_pb_use_builder":"","_et_pb_old_content":"","_et_gb_content_width":""},"product_cat":[13,10,16],"product_tag":[],"_links":{"self":[{"href":"https:\/\/marneantic.com\/index.php\/wp-json\/wp\/v2\/product\/24386"}],"collection":[{"href":"https:\/\/marneantic.com\/index.php\/wp-json\/wp\/v2\/product"}],"about":[{"href":"https:\/\/marneantic.com\/index.php\/wp-json\/wp\/v2\/types\/product"}],"replies":[{"embeddable":true,"href":"https:\/\/marneantic.com\/index.php\/wp-json\/wp\/v2\/comments?post=24386"}],"wp:featuredmedia":[{"embeddable":true,"href":"https:\/\/marneantic.com\/index.php\/wp-json\/wp\/v2\/media\/24387"}],"wp:attachment":[{"href":"https:\/\/marneantic.com\/index.php\/wp-json\/wp\/v2\/media?parent=24386"}],"wp:term":[{"taxonomy":"product_cat","embeddable":true,"href":"https:\/\/marneantic.com\/index.php\/wp-json\/wp\/v2\/product_cat?post=24386"},{"taxonomy":"product_tag","embeddable":true,"href":"https:\/\/marneantic.com\/index.php\/wp-json\/wp\/v2\/product_tag?post=24386"}],"curies":[{"name":"wp","href":"https:\/\/api.w.org\/{rel}","templated":true}]}}