{"id":24389,"date":"2024-09-24T15:29:10","date_gmt":"2024-09-24T14:29:10","guid":{"rendered":"https:\/\/marneantic.com\/?post_type=product&#038;p=24389"},"modified":"2024-09-24T15:31:20","modified_gmt":"2024-09-24T14:31:20","slug":"moutardier-vintage-en-verre","status":"publish","type":"product","link":"https:\/\/marneantic.com\/index.php\/produit\/moutardier-vintage-en-verre\/","title":{"rendered":"Moutardier vintage en verre"},"content":{"rendered":"","protected":false},"excerpt":{"rendered":"<p>Moutardier vintage en verre, couvercle en plastique et cuill\u00e8re en bois, en tr\u00e8s bon \u00e9tat, hauteur:6.2cm,diametre: 5.2cm<\/p>\n","protected":false},"featured_media":24390,"comment_status":"closed","ping_status":"closed","template":"","meta":{"_et_pb_use_builder":"","_et_pb_old_content":"","_et_gb_content_width":""},"product_cat":[13,10,16],"product_tag":[],"_links":{"self":[{"href":"https:\/\/marneantic.com\/index.php\/wp-json\/wp\/v2\/product\/24389"}],"collection":[{"href":"https:\/\/marneantic.com\/index.php\/wp-json\/wp\/v2\/product"}],"about":[{"href":"https:\/\/marneantic.com\/index.php\/wp-json\/wp\/v2\/types\/product"}],"replies":[{"embeddable":true,"href":"https:\/\/marneantic.com\/index.php\/wp-json\/wp\/v2\/comments?post=24389"}],"wp:featuredmedia":[{"embeddable":true,"href":"https:\/\/marneantic.com\/index.php\/wp-json\/wp\/v2\/media\/24390"}],"wp:attachment":[{"href":"https:\/\/marneantic.com\/index.php\/wp-json\/wp\/v2\/media?parent=24389"}],"wp:term":[{"taxonomy":"product_cat","embeddable":true,"href":"https:\/\/marneantic.com\/index.php\/wp-json\/wp\/v2\/product_cat?post=24389"},{"taxonomy":"product_tag","embeddable":true,"href":"https:\/\/marneantic.com\/index.php\/wp-json\/wp\/v2\/product_tag?post=24389"}],"curies":[{"name":"wp","href":"https:\/\/api.w.org\/{rel}","templated":true}]}}