{"id":24413,"date":"2024-09-25T14:20:12","date_gmt":"2024-09-25T13:20:12","guid":{"rendered":"https:\/\/marneantic.com\/?post_type=product&#038;p=24413"},"modified":"2024-09-25T14:20:13","modified_gmt":"2024-09-25T13:20:13","slug":"service-a-oeufs-ancien-en-porcelaine-sur-presentoir-motif-barbeau","status":"publish","type":"product","link":"https:\/\/marneantic.com\/index.php\/produit\/service-a-oeufs-ancien-en-porcelaine-sur-presentoir-motif-barbeau\/","title":{"rendered":"Service a \u0153ufs ancien en porcelaine sur pr\u00e9sentoir, motif barbeau"},"content":{"rendered":"","protected":false},"excerpt":{"rendered":"<p><strong><span style=\"color: #666666; font-family: Open Sans, Arial, sans-serif;\">Service a \u0153ufs ancien en porcelaine sur pr\u00e9sentoir, motif barbeau, poign\u00e9e poussin<\/span><span style=\"font-size: large;\"><span style=\"color: #666666; font-family: Open Sans, Arial, sans-serif;\">, en tr\u00e8s bon \u00e9tat, aucune marque de fabrique<\/span><\/span><\/strong><\/p>\n<p><strong><span style=\"font-size: large;\">coquetiers hauteur: 4.9cm,diametre:4.7cm<\/span><\/strong><\/p>\n<p><strong><span style=\"font-size: large;\">pr\u00e9sentoir: 22x13cm, hauteur: 10cm<\/span><\/strong><\/p>\n","protected":false},"featured_media":24418,"comment_status":"open","ping_status":"closed","template":"","meta":{"_et_pb_use_builder":"","_et_pb_old_content":"","_et_gb_content_width":""},"product_cat":[13,10,28,7],"product_tag":[],"_links":{"self":[{"href":"https:\/\/marneantic.com\/index.php\/wp-json\/wp\/v2\/product\/24413"}],"collection":[{"href":"https:\/\/marneantic.com\/index.php\/wp-json\/wp\/v2\/product"}],"about":[{"href":"https:\/\/marneantic.com\/index.php\/wp-json\/wp\/v2\/types\/product"}],"replies":[{"embeddable":true,"href":"https:\/\/marneantic.com\/index.php\/wp-json\/wp\/v2\/comments?post=24413"}],"wp:featuredmedia":[{"embeddable":true,"href":"https:\/\/marneantic.com\/index.php\/wp-json\/wp\/v2\/media\/24418"}],"wp:attachment":[{"href":"https:\/\/marneantic.com\/index.php\/wp-json\/wp\/v2\/media?parent=24413"}],"wp:term":[{"taxonomy":"product_cat","embeddable":true,"href":"https:\/\/marneantic.com\/index.php\/wp-json\/wp\/v2\/product_cat?post=24413"},{"taxonomy":"product_tag","embeddable":true,"href":"https:\/\/marneantic.com\/index.php\/wp-json\/wp\/v2\/product_tag?post=24413"}],"curies":[{"name":"wp","href":"https:\/\/api.w.org\/{rel}","templated":true}]}}