{"id":24419,"date":"2024-09-25T14:24:36","date_gmt":"2024-09-25T13:24:36","guid":{"rendered":"https:\/\/marneantic.com\/?post_type=product&#038;p=24419"},"modified":"2024-09-25T14:32:39","modified_gmt":"2024-09-25T13:32:39","slug":"saliere-ancienne-en-faience-de-quimper-hb","status":"publish","type":"product","link":"https:\/\/marneantic.com\/index.php\/produit\/saliere-ancienne-en-faience-de-quimper-hb\/","title":{"rendered":"Sali\u00e8re ancienne en fa\u00efence de Quimper HB"},"content":{"rendered":"","protected":false},"excerpt":{"rendered":"<p>Sali\u00e8re ancienne en fa\u00efence de Quimper HB, forme sabots, en parfait \u00e9tat, hauteur:5cm, longueur:8.7cm, largeur: 7.3cm<\/p>\n","protected":false},"featured_media":24420,"comment_status":"closed","ping_status":"closed","template":"","meta":{"_et_pb_use_builder":"","_et_pb_old_content":"","_et_gb_content_width":""},"product_cat":[13,10],"product_tag":[],"_links":{"self":[{"href":"https:\/\/marneantic.com\/index.php\/wp-json\/wp\/v2\/product\/24419"}],"collection":[{"href":"https:\/\/marneantic.com\/index.php\/wp-json\/wp\/v2\/product"}],"about":[{"href":"https:\/\/marneantic.com\/index.php\/wp-json\/wp\/v2\/types\/product"}],"replies":[{"embeddable":true,"href":"https:\/\/marneantic.com\/index.php\/wp-json\/wp\/v2\/comments?post=24419"}],"wp:featuredmedia":[{"embeddable":true,"href":"https:\/\/marneantic.com\/index.php\/wp-json\/wp\/v2\/media\/24420"}],"wp:attachment":[{"href":"https:\/\/marneantic.com\/index.php\/wp-json\/wp\/v2\/media?parent=24419"}],"wp:term":[{"taxonomy":"product_cat","embeddable":true,"href":"https:\/\/marneantic.com\/index.php\/wp-json\/wp\/v2\/product_cat?post=24419"},{"taxonomy":"product_tag","embeddable":true,"href":"https:\/\/marneantic.com\/index.php\/wp-json\/wp\/v2\/product_tag?post=24419"}],"curies":[{"name":"wp","href":"https:\/\/api.w.org\/{rel}","templated":true}]}}