{"id":24423,"date":"2024-09-25T14:33:12","date_gmt":"2024-09-25T13:33:12","guid":{"rendered":"https:\/\/marneantic.com\/?post_type=product&#038;p=24423"},"modified":"2024-10-16T13:11:32","modified_gmt":"2024-10-16T12:11:32","slug":"paire-de-salieres-chiens-art-deco-en-porcelaine","status":"publish","type":"product","link":"https:\/\/marneantic.com\/index.php\/produit\/paire-de-salieres-chiens-art-deco-en-porcelaine\/","title":{"rendered":"Paire de sali\u00e8res chiens art d\u00e9co en porcelaine"},"content":{"rendered":"","protected":false},"excerpt":{"rendered":"<div><b>Paire de sali\u00e8res chiens art d\u00e9co en porcelaine, en tr\u00e8s bon \u00e9tat<\/b><\/div>\n<div><b>hauteur:6.5cm<\/b><\/div>\n","protected":false},"featured_media":24424,"comment_status":"closed","ping_status":"closed","template":"","meta":{"_et_pb_use_builder":"","_et_pb_old_content":"","_et_gb_content_width":""},"product_cat":[13,10],"product_tag":[],"_links":{"self":[{"href":"https:\/\/marneantic.com\/index.php\/wp-json\/wp\/v2\/product\/24423"}],"collection":[{"href":"https:\/\/marneantic.com\/index.php\/wp-json\/wp\/v2\/product"}],"about":[{"href":"https:\/\/marneantic.com\/index.php\/wp-json\/wp\/v2\/types\/product"}],"replies":[{"embeddable":true,"href":"https:\/\/marneantic.com\/index.php\/wp-json\/wp\/v2\/comments?post=24423"}],"wp:featuredmedia":[{"embeddable":true,"href":"https:\/\/marneantic.com\/index.php\/wp-json\/wp\/v2\/media\/24424"}],"wp:attachment":[{"href":"https:\/\/marneantic.com\/index.php\/wp-json\/wp\/v2\/media?parent=24423"}],"wp:term":[{"taxonomy":"product_cat","embeddable":true,"href":"https:\/\/marneantic.com\/index.php\/wp-json\/wp\/v2\/product_cat?post=24423"},{"taxonomy":"product_tag","embeddable":true,"href":"https:\/\/marneantic.com\/index.php\/wp-json\/wp\/v2\/product_tag?post=24423"}],"curies":[{"name":"wp","href":"https:\/\/api.w.org\/{rel}","templated":true}]}}