{"id":24470,"date":"2024-10-07T15:13:13","date_gmt":"2024-10-07T14:13:13","guid":{"rendered":"https:\/\/marneantic.com\/?post_type=product&#038;p=24470"},"modified":"2024-10-07T15:13:14","modified_gmt":"2024-10-07T14:13:14","slug":"buste-platre-ancien-mozart-ragall","status":"publish","type":"product","link":"https:\/\/marneantic.com\/index.php\/produit\/buste-platre-ancien-mozart-ragall\/","title":{"rendered":"Buste pl\u00e2tre ancien &#8211; MOZART &#8211; Ragall"},"content":{"rendered":"","protected":false},"excerpt":{"rendered":"<p><b>Buste en pl\u00e2tre ancien &#8211; MOZART &#8211; sign\u00e9 Ragall au dos<\/b><\/p>\n<div><b>en bon \u00e9tat, il a \u00e9t\u00e9 repeint<\/b><\/div>\n<div><b>hauteur: 30cm<\/b><\/div>\n","protected":false},"featured_media":24471,"comment_status":"open","ping_status":"closed","template":"","meta":{"_et_pb_use_builder":"","_et_pb_old_content":"","_et_gb_content_width":""},"product_cat":[14,8],"product_tag":[],"_links":{"self":[{"href":"https:\/\/marneantic.com\/index.php\/wp-json\/wp\/v2\/product\/24470"}],"collection":[{"href":"https:\/\/marneantic.com\/index.php\/wp-json\/wp\/v2\/product"}],"about":[{"href":"https:\/\/marneantic.com\/index.php\/wp-json\/wp\/v2\/types\/product"}],"replies":[{"embeddable":true,"href":"https:\/\/marneantic.com\/index.php\/wp-json\/wp\/v2\/comments?post=24470"}],"wp:featuredmedia":[{"embeddable":true,"href":"https:\/\/marneantic.com\/index.php\/wp-json\/wp\/v2\/media\/24471"}],"wp:attachment":[{"href":"https:\/\/marneantic.com\/index.php\/wp-json\/wp\/v2\/media?parent=24470"}],"wp:term":[{"taxonomy":"product_cat","embeddable":true,"href":"https:\/\/marneantic.com\/index.php\/wp-json\/wp\/v2\/product_cat?post=24470"},{"taxonomy":"product_tag","embeddable":true,"href":"https:\/\/marneantic.com\/index.php\/wp-json\/wp\/v2\/product_tag?post=24470"}],"curies":[{"name":"wp","href":"https:\/\/api.w.org\/{rel}","templated":true}]}}