{"id":2452,"date":"2016-11-01T14:32:16","date_gmt":"2016-11-01T13:32:16","guid":{"rendered":"http:\/\/marneantic.com\/?post_type=product&#038;p=2452"},"modified":"2016-11-01T14:32:39","modified_gmt":"2016-11-01T13:32:39","slug":"coupe-a-champagne-ancienne-2","status":"publish","type":"product","link":"https:\/\/marneantic.com\/index.php\/produit\/coupe-a-champagne-ancienne-2\/","title":{"rendered":"Coupe a champagne ancienne"},"content":{"rendered":"","protected":false},"excerpt":{"rendered":"<p>Coupe a champagne ancienne,d\u00e9but 20eme,d\u00e9cor\u00a0\u00bbalv\u00e9ol\u00e9 nid d&rsquo;abeille\u00a0\u00bbgrande contenance,en bon \u00e9tat,hauteur:11.2cm,diam\u00e8tre du buvant:9.3cm,diam\u00e8tre du pied:7.2cm<\/p>\n","protected":false},"featured_media":2454,"comment_status":"closed","ping_status":"closed","template":"","meta":{"_et_pb_use_builder":"","_et_pb_old_content":"","_et_gb_content_width":""},"product_cat":[10,11],"product_tag":[],"_links":{"self":[{"href":"https:\/\/marneantic.com\/index.php\/wp-json\/wp\/v2\/product\/2452"}],"collection":[{"href":"https:\/\/marneantic.com\/index.php\/wp-json\/wp\/v2\/product"}],"about":[{"href":"https:\/\/marneantic.com\/index.php\/wp-json\/wp\/v2\/types\/product"}],"replies":[{"embeddable":true,"href":"https:\/\/marneantic.com\/index.php\/wp-json\/wp\/v2\/comments?post=2452"}],"wp:featuredmedia":[{"embeddable":true,"href":"https:\/\/marneantic.com\/index.php\/wp-json\/wp\/v2\/media\/2454"}],"wp:attachment":[{"href":"https:\/\/marneantic.com\/index.php\/wp-json\/wp\/v2\/media?parent=2452"}],"wp:term":[{"taxonomy":"product_cat","embeddable":true,"href":"https:\/\/marneantic.com\/index.php\/wp-json\/wp\/v2\/product_cat?post=2452"},{"taxonomy":"product_tag","embeddable":true,"href":"https:\/\/marneantic.com\/index.php\/wp-json\/wp\/v2\/product_tag?post=2452"}],"curies":[{"name":"wp","href":"https:\/\/api.w.org\/{rel}","templated":true}]}}