{"id":24522,"date":"2024-10-14T15:24:25","date_gmt":"2024-10-14T14:24:25","guid":{"rendered":"https:\/\/marneantic.com\/?post_type=product&#038;p=24522"},"modified":"2025-03-06T19:17:53","modified_gmt":"2025-03-06T18:17:53","slug":"daum-verre-de-table-ancien-en-cristal-modele-sorcy","status":"publish","type":"product","link":"https:\/\/marneantic.com\/index.php\/produit\/daum-verre-de-table-ancien-en-cristal-modele-sorcy\/","title":{"rendered":"DAUM: verre de table ancien en cristal mod\u00e8le SORCY"},"content":{"rendered":"","protected":false},"excerpt":{"rendered":"<p>DAUM: verre de table ancien en cristal mod\u00e8le SORCY, en bon \u00e9tat, hauteur:7.1cm, diam\u00e8tre du buvant: 5.6cm, diam\u00e8tre du pied: 4cm<\/p>\n","protected":false},"featured_media":24523,"comment_status":"closed","ping_status":"closed","template":"","meta":{"_et_pb_use_builder":"","_et_pb_old_content":"","_et_gb_content_width":""},"product_cat":[10,11],"product_tag":[],"_links":{"self":[{"href":"https:\/\/marneantic.com\/index.php\/wp-json\/wp\/v2\/product\/24522"}],"collection":[{"href":"https:\/\/marneantic.com\/index.php\/wp-json\/wp\/v2\/product"}],"about":[{"href":"https:\/\/marneantic.com\/index.php\/wp-json\/wp\/v2\/types\/product"}],"replies":[{"embeddable":true,"href":"https:\/\/marneantic.com\/index.php\/wp-json\/wp\/v2\/comments?post=24522"}],"wp:featuredmedia":[{"embeddable":true,"href":"https:\/\/marneantic.com\/index.php\/wp-json\/wp\/v2\/media\/24523"}],"wp:attachment":[{"href":"https:\/\/marneantic.com\/index.php\/wp-json\/wp\/v2\/media?parent=24522"}],"wp:term":[{"taxonomy":"product_cat","embeddable":true,"href":"https:\/\/marneantic.com\/index.php\/wp-json\/wp\/v2\/product_cat?post=24522"},{"taxonomy":"product_tag","embeddable":true,"href":"https:\/\/marneantic.com\/index.php\/wp-json\/wp\/v2\/product_tag?post=24522"}],"curies":[{"name":"wp","href":"https:\/\/api.w.org\/{rel}","templated":true}]}}