{"id":24571,"date":"2024-10-15T15:01:21","date_gmt":"2024-10-15T14:01:21","guid":{"rendered":"https:\/\/marneantic.com\/?post_type=product&#038;p=24571"},"modified":"2024-10-15T15:09:41","modified_gmt":"2024-10-15T14:09:41","slug":"cendrier-publicitaire-ancien-porto-sandeman-faience-sarreguemines","status":"publish","type":"product","link":"https:\/\/marneantic.com\/index.php\/produit\/cendrier-publicitaire-ancien-porto-sandeman-faience-sarreguemines\/","title":{"rendered":"Cendrier publicitaire ancien \u00a0\u00bb porto SANDEMAN \u00a0\u00bb fa\u00efence Sarreguemines"},"content":{"rendered":"","protected":false},"excerpt":{"rendered":"<div>\n<p><strong><span style=\"font-size: large;\"><span style=\"font-family: Arial; font-size: small;\">Cendrier publicitaire ancien \u00a0\u00bb porto SANDEMAN \u00a0\u00bb en fa\u00efence Sarreguemines, en bon \u00e9tat, traces d&rsquo;usure sur le liser\u00e9 noir du rebord<\/span><\/span><\/strong><\/p>\n<div><strong><span style=\"font-size: large;\"><span style=\"font-family: Arial; font-size: small;\">diam\u00e8tre: 9.5cm<\/span><\/span><\/strong><\/div>\n<div><strong><span style=\"font-size: large;\"><span style=\"font-family: Arial; font-size: small;\">hauteur 6cm<\/span><\/span><\/strong><\/div>\n<\/div>\n","protected":false},"featured_media":24572,"comment_status":"closed","ping_status":"closed","template":"","meta":{"_et_pb_use_builder":"","_et_pb_old_content":"","_et_gb_content_width":""},"product_cat":[15],"product_tag":[],"_links":{"self":[{"href":"https:\/\/marneantic.com\/index.php\/wp-json\/wp\/v2\/product\/24571"}],"collection":[{"href":"https:\/\/marneantic.com\/index.php\/wp-json\/wp\/v2\/product"}],"about":[{"href":"https:\/\/marneantic.com\/index.php\/wp-json\/wp\/v2\/types\/product"}],"replies":[{"embeddable":true,"href":"https:\/\/marneantic.com\/index.php\/wp-json\/wp\/v2\/comments?post=24571"}],"wp:featuredmedia":[{"embeddable":true,"href":"https:\/\/marneantic.com\/index.php\/wp-json\/wp\/v2\/media\/24572"}],"wp:attachment":[{"href":"https:\/\/marneantic.com\/index.php\/wp-json\/wp\/v2\/media?parent=24571"}],"wp:term":[{"taxonomy":"product_cat","embeddable":true,"href":"https:\/\/marneantic.com\/index.php\/wp-json\/wp\/v2\/product_cat?post=24571"},{"taxonomy":"product_tag","embeddable":true,"href":"https:\/\/marneantic.com\/index.php\/wp-json\/wp\/v2\/product_tag?post=24571"}],"curies":[{"name":"wp","href":"https:\/\/api.w.org\/{rel}","templated":true}]}}