{"id":24579,"date":"2024-10-15T15:23:59","date_gmt":"2024-10-15T14:23:59","guid":{"rendered":"https:\/\/marneantic.com\/?post_type=product&#038;p=24579"},"modified":"2024-10-15T15:27:30","modified_gmt":"2024-10-15T14:27:30","slug":"encrier-ancien-en-loupe-marquetee-cristal-et-laiton","status":"publish","type":"product","link":"https:\/\/marneantic.com\/index.php\/produit\/encrier-ancien-en-loupe-marquetee-cristal-et-laiton\/","title":{"rendered":"Encrier ancien en loupe marquet\u00e9e, cristal et laiton"},"content":{"rendered":"","protected":false},"excerpt":{"rendered":"<p><b><span style=\"font-family: Arial; font-size: large;\">Encrier de bureau ancien en loupe marquet\u00e9e, r\u00e9ceptacle en cristal et laiton, en tr\u00e8s bon \u00e9tat, encrier amovible, plume avec stylo bille (vide)<\/span><\/b><\/p>\n<div><b><span style=\"font-family: Arial; font-size: large;\">dimensions:16.3&#215;14.9cm<\/span><\/b><\/div>\n<div><b><span style=\"font-family: Arial; font-size: large;\">encrier: 5.5&#215;5.5cm, hauteur: 7cm<\/span><\/b><\/div>\n","protected":false},"featured_media":24583,"comment_status":"open","ping_status":"closed","template":"","meta":{"_et_pb_use_builder":"","_et_pb_old_content":"","_et_gb_content_width":""},"product_cat":[14,8],"product_tag":[],"_links":{"self":[{"href":"https:\/\/marneantic.com\/index.php\/wp-json\/wp\/v2\/product\/24579"}],"collection":[{"href":"https:\/\/marneantic.com\/index.php\/wp-json\/wp\/v2\/product"}],"about":[{"href":"https:\/\/marneantic.com\/index.php\/wp-json\/wp\/v2\/types\/product"}],"replies":[{"embeddable":true,"href":"https:\/\/marneantic.com\/index.php\/wp-json\/wp\/v2\/comments?post=24579"}],"wp:featuredmedia":[{"embeddable":true,"href":"https:\/\/marneantic.com\/index.php\/wp-json\/wp\/v2\/media\/24583"}],"wp:attachment":[{"href":"https:\/\/marneantic.com\/index.php\/wp-json\/wp\/v2\/media?parent=24579"}],"wp:term":[{"taxonomy":"product_cat","embeddable":true,"href":"https:\/\/marneantic.com\/index.php\/wp-json\/wp\/v2\/product_cat?post=24579"},{"taxonomy":"product_tag","embeddable":true,"href":"https:\/\/marneantic.com\/index.php\/wp-json\/wp\/v2\/product_tag?post=24579"}],"curies":[{"name":"wp","href":"https:\/\/api.w.org\/{rel}","templated":true}]}}