{"id":24593,"date":"2024-10-16T15:32:19","date_gmt":"2024-10-16T14:32:19","guid":{"rendered":"https:\/\/marneantic.com\/?post_type=product&#038;p=24593"},"modified":"2024-10-16T15:46:28","modified_gmt":"2024-10-16T14:46:28","slug":"tasse-a-moka-en-porcelaine-de-limoges","status":"publish","type":"product","link":"https:\/\/marneantic.com\/index.php\/produit\/tasse-a-moka-en-porcelaine-de-limoges\/","title":{"rendered":"Tasse a moka en porcelaine de Limoges"},"content":{"rendered":"","protected":false},"excerpt":{"rendered":"<p>Tasse a moka contemporaine en porcelaine de Limoges, manufacture\u00a0 P.FEUILLADE, en tr\u00e8s bon \u00e9tat, tasse hauteur:5.5cm,diametre:5.1cm,diam\u00e8tre soucoupe:10.6cm<\/p>\n","protected":false},"featured_media":24597,"comment_status":"closed","ping_status":"closed","template":"","meta":{"_et_pb_use_builder":"","_et_pb_old_content":"","_et_gb_content_width":""},"product_cat":[26,7],"product_tag":[],"_links":{"self":[{"href":"https:\/\/marneantic.com\/index.php\/wp-json\/wp\/v2\/product\/24593"}],"collection":[{"href":"https:\/\/marneantic.com\/index.php\/wp-json\/wp\/v2\/product"}],"about":[{"href":"https:\/\/marneantic.com\/index.php\/wp-json\/wp\/v2\/types\/product"}],"replies":[{"embeddable":true,"href":"https:\/\/marneantic.com\/index.php\/wp-json\/wp\/v2\/comments?post=24593"}],"wp:featuredmedia":[{"embeddable":true,"href":"https:\/\/marneantic.com\/index.php\/wp-json\/wp\/v2\/media\/24597"}],"wp:attachment":[{"href":"https:\/\/marneantic.com\/index.php\/wp-json\/wp\/v2\/media?parent=24593"}],"wp:term":[{"taxonomy":"product_cat","embeddable":true,"href":"https:\/\/marneantic.com\/index.php\/wp-json\/wp\/v2\/product_cat?post=24593"},{"taxonomy":"product_tag","embeddable":true,"href":"https:\/\/marneantic.com\/index.php\/wp-json\/wp\/v2\/product_tag?post=24593"}],"curies":[{"name":"wp","href":"https:\/\/api.w.org\/{rel}","templated":true}]}}