{"id":24627,"date":"2024-10-22T14:42:44","date_gmt":"2024-10-22T13:42:44","guid":{"rendered":"https:\/\/marneantic.com\/?post_type=product&#038;p=24627"},"modified":"2024-10-22T14:53:39","modified_gmt":"2024-10-22T13:53:39","slug":"4-grandes-serviettes-de-table-anciennes-damassees-monogrammees","status":"publish","type":"product","link":"https:\/\/marneantic.com\/index.php\/produit\/4-grandes-serviettes-de-table-anciennes-damassees-monogrammees\/","title":{"rendered":"4 grandes serviettes de table anciennes damass\u00e9es, monogramm\u00e9es"},"content":{"rendered":"","protected":false},"excerpt":{"rendered":"<p>4 grandes serviettes de table anciennes damass\u00e9es, monogramm\u00e9es CN en bon \u00e9tat, dimensions:68x60cm, linge lav\u00e9, repass\u00e9 et v\u00e9rifi\u00e9, il peut n\u00e9anmoins subsister des petites taches qui auraient \u00e9chapp\u00e9es a notre lavage<\/p>\n","protected":false},"featured_media":24628,"comment_status":"open","ping_status":"closed","template":"","meta":{"_et_pb_use_builder":"","_et_pb_old_content":"","_et_gb_content_width":""},"product_cat":[33],"product_tag":[],"_links":{"self":[{"href":"https:\/\/marneantic.com\/index.php\/wp-json\/wp\/v2\/product\/24627"}],"collection":[{"href":"https:\/\/marneantic.com\/index.php\/wp-json\/wp\/v2\/product"}],"about":[{"href":"https:\/\/marneantic.com\/index.php\/wp-json\/wp\/v2\/types\/product"}],"replies":[{"embeddable":true,"href":"https:\/\/marneantic.com\/index.php\/wp-json\/wp\/v2\/comments?post=24627"}],"wp:featuredmedia":[{"embeddable":true,"href":"https:\/\/marneantic.com\/index.php\/wp-json\/wp\/v2\/media\/24628"}],"wp:attachment":[{"href":"https:\/\/marneantic.com\/index.php\/wp-json\/wp\/v2\/media?parent=24627"}],"wp:term":[{"taxonomy":"product_cat","embeddable":true,"href":"https:\/\/marneantic.com\/index.php\/wp-json\/wp\/v2\/product_cat?post=24627"},{"taxonomy":"product_tag","embeddable":true,"href":"https:\/\/marneantic.com\/index.php\/wp-json\/wp\/v2\/product_tag?post=24627"}],"curies":[{"name":"wp","href":"https:\/\/api.w.org\/{rel}","templated":true}]}}