{"id":24676,"date":"2024-11-02T14:14:45","date_gmt":"2024-11-02T13:14:45","guid":{"rendered":"https:\/\/marneantic.com\/?post_type=product&#038;p=24676"},"modified":"2024-11-02T14:26:36","modified_gmt":"2024-11-02T13:26:36","slug":"grand-cache-pot-ancien-en-faience-de-luneville-kg-modele-pervenche","status":"publish","type":"product","link":"https:\/\/marneantic.com\/index.php\/produit\/grand-cache-pot-ancien-en-faience-de-luneville-kg-modele-pervenche\/","title":{"rendered":"Grand cache-Pot ancien en fa\u00efence de Lun\u00e9ville KG, mod\u00e8le pervenche"},"content":{"rendered":"","protected":false},"excerpt":{"rendered":"<p><b><span style=\"font-family: Arial; font-size: large;\">\u00a0Grand cache-Pot ancien art nouveau en fa\u00efence de Lun\u00e9ville KG, mod\u00e8le pervenche, en tr\u00e8s bon \u00e9tat, usure de la dorure sur le rebord, ni \u00e9clats ni f\u00eales<\/span><\/b><\/p>\n<div><b><span style=\"font-family: Arial; font-size: large;\">hauteur:21.2cm<\/span><\/b><\/div>\n<div><b><span style=\"font-family: Arial; font-size: large;\">diam\u00e8tre haut:25.5cm<\/span><\/b><\/div>\n","protected":false},"featured_media":24677,"comment_status":"open","ping_status":"closed","template":"","meta":{"_et_pb_use_builder":"","_et_pb_old_content":"","_et_gb_content_width":""},"product_cat":[8],"product_tag":[],"_links":{"self":[{"href":"https:\/\/marneantic.com\/index.php\/wp-json\/wp\/v2\/product\/24676"}],"collection":[{"href":"https:\/\/marneantic.com\/index.php\/wp-json\/wp\/v2\/product"}],"about":[{"href":"https:\/\/marneantic.com\/index.php\/wp-json\/wp\/v2\/types\/product"}],"replies":[{"embeddable":true,"href":"https:\/\/marneantic.com\/index.php\/wp-json\/wp\/v2\/comments?post=24676"}],"wp:featuredmedia":[{"embeddable":true,"href":"https:\/\/marneantic.com\/index.php\/wp-json\/wp\/v2\/media\/24677"}],"wp:attachment":[{"href":"https:\/\/marneantic.com\/index.php\/wp-json\/wp\/v2\/media?parent=24676"}],"wp:term":[{"taxonomy":"product_cat","embeddable":true,"href":"https:\/\/marneantic.com\/index.php\/wp-json\/wp\/v2\/product_cat?post=24676"},{"taxonomy":"product_tag","embeddable":true,"href":"https:\/\/marneantic.com\/index.php\/wp-json\/wp\/v2\/product_tag?post=24676"}],"curies":[{"name":"wp","href":"https:\/\/api.w.org\/{rel}","templated":true}]}}