{"id":24740,"date":"2024-11-20T17:25:25","date_gmt":"2024-11-20T16:25:25","guid":{"rendered":"https:\/\/marneantic.com\/?post_type=product&#038;p=24740"},"modified":"2024-11-20T17:35:18","modified_gmt":"2024-11-20T16:35:18","slug":"sucrier-ancien-en-faience-de-st-amand-prenoms-henri-louise","status":"publish","type":"product","link":"https:\/\/marneantic.com\/index.php\/produit\/sucrier-ancien-en-faience-de-st-amand-prenoms-henri-louise\/","title":{"rendered":"Sucrier ancien en faience de St Amand &#8211; pr\u00e9noms Henri\/Louise"},"content":{"rendered":"","protected":false},"excerpt":{"rendered":"<p>Sucrier ancien en fa\u00efence de St Amand &#8211; moulin des loups &#8211; pr\u00e9noms Henri\/Louise, d\u00e9cor peint main, en tr\u00e8s bon \u00e9tat, hauteur:12.5cm avec poign\u00e9e, largeur:11.7cm, profondeur:10cm<\/p>\n","protected":false},"featured_media":24741,"comment_status":"open","ping_status":"closed","template":"","meta":{"_et_pb_use_builder":"","_et_pb_old_content":"","_et_gb_content_width":""},"product_cat":[26,7],"product_tag":[],"_links":{"self":[{"href":"https:\/\/marneantic.com\/index.php\/wp-json\/wp\/v2\/product\/24740"}],"collection":[{"href":"https:\/\/marneantic.com\/index.php\/wp-json\/wp\/v2\/product"}],"about":[{"href":"https:\/\/marneantic.com\/index.php\/wp-json\/wp\/v2\/types\/product"}],"replies":[{"embeddable":true,"href":"https:\/\/marneantic.com\/index.php\/wp-json\/wp\/v2\/comments?post=24740"}],"wp:featuredmedia":[{"embeddable":true,"href":"https:\/\/marneantic.com\/index.php\/wp-json\/wp\/v2\/media\/24741"}],"wp:attachment":[{"href":"https:\/\/marneantic.com\/index.php\/wp-json\/wp\/v2\/media?parent=24740"}],"wp:term":[{"taxonomy":"product_cat","embeddable":true,"href":"https:\/\/marneantic.com\/index.php\/wp-json\/wp\/v2\/product_cat?post=24740"},{"taxonomy":"product_tag","embeddable":true,"href":"https:\/\/marneantic.com\/index.php\/wp-json\/wp\/v2\/product_tag?post=24740"}],"curies":[{"name":"wp","href":"https:\/\/api.w.org\/{rel}","templated":true}]}}