{"id":24755,"date":"2024-11-22T13:37:44","date_gmt":"2024-11-22T12:37:44","guid":{"rendered":"https:\/\/marneantic.com\/?post_type=product&#038;p=24755"},"modified":"2024-11-22T13:46:30","modified_gmt":"2024-11-22T12:46:30","slug":"7-grandes-serviettes-de-table-anciennes-damassees","status":"publish","type":"product","link":"https:\/\/marneantic.com\/index.php\/produit\/7-grandes-serviettes-de-table-anciennes-damassees\/","title":{"rendered":"7 grandes serviettes de table anciennes damass\u00e9es"},"content":{"rendered":"","protected":false},"excerpt":{"rendered":"<p>7 grandes serviettes de table anciennes damass\u00e9es, en bon \u00e9tat, dimensions:87x72m, linge lav\u00e9, repass\u00e9 et v\u00e9rifi\u00e9, il peut n\u00e9anmoins subsister des petites taches qui auraient \u00e9chapp\u00e9es a notre lavage<\/p>\n","protected":false},"featured_media":24758,"comment_status":"open","ping_status":"closed","template":"","meta":{"_et_pb_use_builder":"","_et_pb_old_content":"","_et_gb_content_width":""},"product_cat":[33],"product_tag":[],"_links":{"self":[{"href":"https:\/\/marneantic.com\/index.php\/wp-json\/wp\/v2\/product\/24755"}],"collection":[{"href":"https:\/\/marneantic.com\/index.php\/wp-json\/wp\/v2\/product"}],"about":[{"href":"https:\/\/marneantic.com\/index.php\/wp-json\/wp\/v2\/types\/product"}],"replies":[{"embeddable":true,"href":"https:\/\/marneantic.com\/index.php\/wp-json\/wp\/v2\/comments?post=24755"}],"wp:featuredmedia":[{"embeddable":true,"href":"https:\/\/marneantic.com\/index.php\/wp-json\/wp\/v2\/media\/24758"}],"wp:attachment":[{"href":"https:\/\/marneantic.com\/index.php\/wp-json\/wp\/v2\/media?parent=24755"}],"wp:term":[{"taxonomy":"product_cat","embeddable":true,"href":"https:\/\/marneantic.com\/index.php\/wp-json\/wp\/v2\/product_cat?post=24755"},{"taxonomy":"product_tag","embeddable":true,"href":"https:\/\/marneantic.com\/index.php\/wp-json\/wp\/v2\/product_tag?post=24755"}],"curies":[{"name":"wp","href":"https:\/\/api.w.org\/{rel}","templated":true}]}}