{"id":24797,"date":"2024-11-25T15:27:49","date_gmt":"2024-11-25T14:27:49","guid":{"rendered":"https:\/\/marneantic.com\/?post_type=product&#038;p=24797"},"modified":"2024-11-25T15:28:23","modified_gmt":"2024-11-25T14:28:23","slug":"huilier-ancien-en-cristal-dore-monogramme","status":"publish","type":"product","link":"https:\/\/marneantic.com\/index.php\/produit\/huilier-ancien-en-cristal-dore-monogramme\/","title":{"rendered":"Huilier ancien en cristal dor\u00e9, monogramm\u00e9"},"content":{"rendered":"","protected":false},"excerpt":{"rendered":"<p>Huilier ancien en cristal dor\u00e9, monogramm\u00e9 W, en tr\u00e8s bon \u00e9tat, hauteur:20cm, diametre:6.9cm<\/p>\n","protected":false},"featured_media":24798,"comment_status":"open","ping_status":"closed","template":"","meta":{"_et_pb_use_builder":"","_et_pb_old_content":"","_et_gb_content_width":""},"product_cat":[13,10,11],"product_tag":[],"_links":{"self":[{"href":"https:\/\/marneantic.com\/index.php\/wp-json\/wp\/v2\/product\/24797"}],"collection":[{"href":"https:\/\/marneantic.com\/index.php\/wp-json\/wp\/v2\/product"}],"about":[{"href":"https:\/\/marneantic.com\/index.php\/wp-json\/wp\/v2\/types\/product"}],"replies":[{"embeddable":true,"href":"https:\/\/marneantic.com\/index.php\/wp-json\/wp\/v2\/comments?post=24797"}],"wp:featuredmedia":[{"embeddable":true,"href":"https:\/\/marneantic.com\/index.php\/wp-json\/wp\/v2\/media\/24798"}],"wp:attachment":[{"href":"https:\/\/marneantic.com\/index.php\/wp-json\/wp\/v2\/media?parent=24797"}],"wp:term":[{"taxonomy":"product_cat","embeddable":true,"href":"https:\/\/marneantic.com\/index.php\/wp-json\/wp\/v2\/product_cat?post=24797"},{"taxonomy":"product_tag","embeddable":true,"href":"https:\/\/marneantic.com\/index.php\/wp-json\/wp\/v2\/product_tag?post=24797"}],"curies":[{"name":"wp","href":"https:\/\/api.w.org\/{rel}","templated":true}]}}