{"id":24806,"date":"2024-11-26T14:38:54","date_gmt":"2024-11-26T13:38:54","guid":{"rendered":"https:\/\/marneantic.com\/?post_type=product&#038;p=24806"},"modified":"2024-11-26T14:52:37","modified_gmt":"2024-11-26T13:52:37","slug":"nappe-ancienne-brodee-210x140cm","status":"publish","type":"product","link":"https:\/\/marneantic.com\/index.php\/produit\/nappe-ancienne-brodee-210x140cm\/","title":{"rendered":"Nappe ancienne brod\u00e9e :210x140cm"},"content":{"rendered":"","protected":false},"excerpt":{"rendered":"<p>nappe ancienne brod\u00e9e, en bon \u00e9tat, dimensions:210x140cm. Linge lav\u00e9, v\u00e9rifi\u00e9 et repass\u00e9, sortie d&rsquo;armoire ancienne, il peut n\u00e9anmoins subsister sur notre linge ancien de petites taches qui auraient \u00e9chapp\u00e9es a notre lavage<\/p>\n","protected":false},"featured_media":24807,"comment_status":"open","ping_status":"closed","template":"","meta":{"_et_pb_use_builder":"","_et_pb_old_content":"","_et_gb_content_width":""},"product_cat":[33],"product_tag":[],"_links":{"self":[{"href":"https:\/\/marneantic.com\/index.php\/wp-json\/wp\/v2\/product\/24806"}],"collection":[{"href":"https:\/\/marneantic.com\/index.php\/wp-json\/wp\/v2\/product"}],"about":[{"href":"https:\/\/marneantic.com\/index.php\/wp-json\/wp\/v2\/types\/product"}],"replies":[{"embeddable":true,"href":"https:\/\/marneantic.com\/index.php\/wp-json\/wp\/v2\/comments?post=24806"}],"wp:featuredmedia":[{"embeddable":true,"href":"https:\/\/marneantic.com\/index.php\/wp-json\/wp\/v2\/media\/24807"}],"wp:attachment":[{"href":"https:\/\/marneantic.com\/index.php\/wp-json\/wp\/v2\/media?parent=24806"}],"wp:term":[{"taxonomy":"product_cat","embeddable":true,"href":"https:\/\/marneantic.com\/index.php\/wp-json\/wp\/v2\/product_cat?post=24806"},{"taxonomy":"product_tag","embeddable":true,"href":"https:\/\/marneantic.com\/index.php\/wp-json\/wp\/v2\/product_tag?post=24806"}],"curies":[{"name":"wp","href":"https:\/\/api.w.org\/{rel}","templated":true}]}}