{"id":24831,"date":"2024-11-27T15:28:09","date_gmt":"2024-11-27T14:28:09","guid":{"rendered":"https:\/\/marneantic.com\/?post_type=product&#038;p=24831"},"modified":"2024-11-27T15:33:52","modified_gmt":"2024-11-27T14:33:52","slug":"12-petites-cuilleres-art-deco-anciennes-en-metal-argente-en-ecrin","status":"publish","type":"product","link":"https:\/\/marneantic.com\/index.php\/produit\/12-petites-cuilleres-art-deco-anciennes-en-metal-argente-en-ecrin\/","title":{"rendered":"12 petites cuill\u00e8res art deco anciennes en m\u00e9tal argent\u00e9, en \u00e9crin"},"content":{"rendered":"","protected":false},"excerpt":{"rendered":"<p><strong>12 petites cuill\u00e8res art d\u00e9co anciennes en m\u00e9tal argent\u00e9, en bon \u00e9tat,longueur:14.2cm,\u00e9crin avec traces d&rsquo;usage<\/strong><\/p>\n","protected":false},"featured_media":24833,"comment_status":"closed","ping_status":"closed","template":"","meta":{"_et_pb_use_builder":"","_et_pb_old_content":"","_et_gb_content_width":""},"product_cat":[12,10,44,29],"product_tag":[],"_links":{"self":[{"href":"https:\/\/marneantic.com\/index.php\/wp-json\/wp\/v2\/product\/24831"}],"collection":[{"href":"https:\/\/marneantic.com\/index.php\/wp-json\/wp\/v2\/product"}],"about":[{"href":"https:\/\/marneantic.com\/index.php\/wp-json\/wp\/v2\/types\/product"}],"replies":[{"embeddable":true,"href":"https:\/\/marneantic.com\/index.php\/wp-json\/wp\/v2\/comments?post=24831"}],"wp:featuredmedia":[{"embeddable":true,"href":"https:\/\/marneantic.com\/index.php\/wp-json\/wp\/v2\/media\/24833"}],"wp:attachment":[{"href":"https:\/\/marneantic.com\/index.php\/wp-json\/wp\/v2\/media?parent=24831"}],"wp:term":[{"taxonomy":"product_cat","embeddable":true,"href":"https:\/\/marneantic.com\/index.php\/wp-json\/wp\/v2\/product_cat?post=24831"},{"taxonomy":"product_tag","embeddable":true,"href":"https:\/\/marneantic.com\/index.php\/wp-json\/wp\/v2\/product_tag?post=24831"}],"curies":[{"name":"wp","href":"https:\/\/api.w.org\/{rel}","templated":true}]}}