{"id":24839,"date":"2024-12-04T13:45:37","date_gmt":"2024-12-04T12:45:37","guid":{"rendered":"https:\/\/marneantic.com\/?post_type=product&#038;p=24839"},"modified":"2024-12-04T14:02:19","modified_gmt":"2024-12-04T13:02:19","slug":"lampe-de-salon-ancienne-nap-iii-en-opaline-peinte","status":"publish","type":"product","link":"https:\/\/marneantic.com\/index.php\/produit\/lampe-de-salon-ancienne-nap-iii-en-opaline-peinte\/","title":{"rendered":"Lampe de salon ancienne NAP III en opaline peinte"},"content":{"rendered":"","protected":false},"excerpt":{"rendered":"<p>Lampe de salon ancienne, base en opaline peinte sur socle laiton, pied d&rsquo;\u00e9poque napIII, abat-jour fleuri ann\u00e9es 60&prime;<br \/>\npied en parfait \u00e9tat avec d\u00e9cor d&rsquo;oiseaux peint, dorures(usures) et points d&rsquo;\u00e9mail, hauteur du pied seul:28cm, diametre:12.5cm<br \/>\nabat-jour poussi\u00e9reux et tach\u00e9 qui sera je pense a nettoyer ou a remplacer, diam\u00e8tre: 40cm<br \/>\nhauteur totale de la lampe:62cm<br \/>\nfournie avec ampoule, fonctionne parfaitement<\/p>\n","protected":false},"featured_media":24840,"comment_status":"closed","ping_status":"closed","template":"","meta":{"_et_pb_use_builder":"","_et_pb_old_content":"","_et_gb_content_width":""},"product_cat":[24],"product_tag":[],"_links":{"self":[{"href":"https:\/\/marneantic.com\/index.php\/wp-json\/wp\/v2\/product\/24839"}],"collection":[{"href":"https:\/\/marneantic.com\/index.php\/wp-json\/wp\/v2\/product"}],"about":[{"href":"https:\/\/marneantic.com\/index.php\/wp-json\/wp\/v2\/types\/product"}],"replies":[{"embeddable":true,"href":"https:\/\/marneantic.com\/index.php\/wp-json\/wp\/v2\/comments?post=24839"}],"wp:featuredmedia":[{"embeddable":true,"href":"https:\/\/marneantic.com\/index.php\/wp-json\/wp\/v2\/media\/24840"}],"wp:attachment":[{"href":"https:\/\/marneantic.com\/index.php\/wp-json\/wp\/v2\/media?parent=24839"}],"wp:term":[{"taxonomy":"product_cat","embeddable":true,"href":"https:\/\/marneantic.com\/index.php\/wp-json\/wp\/v2\/product_cat?post=24839"},{"taxonomy":"product_tag","embeddable":true,"href":"https:\/\/marneantic.com\/index.php\/wp-json\/wp\/v2\/product_tag?post=24839"}],"curies":[{"name":"wp","href":"https:\/\/api.w.org\/{rel}","templated":true}]}}