{"id":24924,"date":"2024-12-16T15:07:38","date_gmt":"2024-12-16T14:07:38","guid":{"rendered":"https:\/\/marneantic.com\/?post_type=product&#038;p=24924"},"modified":"2024-12-16T15:16:14","modified_gmt":"2024-12-16T14:16:14","slug":"applique-vintage-annees-60","status":"publish","type":"product","link":"https:\/\/marneantic.com\/index.php\/produit\/applique-vintage-annees-60\/","title":{"rendered":"Applique vintage, ann\u00e9es 60&prime;"},"content":{"rendered":"","protected":false},"excerpt":{"rendered":"<p>Applique vintage ann\u00e9es 60&prime; en m\u00e9tal dor\u00e9 et, luminaire en plastique, en tr\u00e8s bon \u00e9tat, \u00e9lectricit\u00e9 test\u00e9e, hauteur totale:29.5cm,largeur.10.8cm,profondeur au mur:12cm,fournie avec ampoule<\/p>\n<p>&nbsp;<\/p>\n","protected":false},"featured_media":24925,"comment_status":"closed","ping_status":"closed","template":"","meta":{"_et_pb_use_builder":"","_et_pb_old_content":"","_et_gb_content_width":""},"product_cat":[24,16],"product_tag":[],"_links":{"self":[{"href":"https:\/\/marneantic.com\/index.php\/wp-json\/wp\/v2\/product\/24924"}],"collection":[{"href":"https:\/\/marneantic.com\/index.php\/wp-json\/wp\/v2\/product"}],"about":[{"href":"https:\/\/marneantic.com\/index.php\/wp-json\/wp\/v2\/types\/product"}],"replies":[{"embeddable":true,"href":"https:\/\/marneantic.com\/index.php\/wp-json\/wp\/v2\/comments?post=24924"}],"wp:featuredmedia":[{"embeddable":true,"href":"https:\/\/marneantic.com\/index.php\/wp-json\/wp\/v2\/media\/24925"}],"wp:attachment":[{"href":"https:\/\/marneantic.com\/index.php\/wp-json\/wp\/v2\/media?parent=24924"}],"wp:term":[{"taxonomy":"product_cat","embeddable":true,"href":"https:\/\/marneantic.com\/index.php\/wp-json\/wp\/v2\/product_cat?post=24924"},{"taxonomy":"product_tag","embeddable":true,"href":"https:\/\/marneantic.com\/index.php\/wp-json\/wp\/v2\/product_tag?post=24924"}],"curies":[{"name":"wp","href":"https:\/\/api.w.org\/{rel}","templated":true}]}}