{"id":25028,"date":"2025-01-08T15:17:23","date_gmt":"2025-01-08T14:17:23","guid":{"rendered":"https:\/\/marneantic.com\/?post_type=product&#038;p=25028"},"modified":"2025-01-08T15:31:58","modified_gmt":"2025-01-08T14:31:58","slug":"chapelet-de-priere-ancien-perles-de-pierres-marrons-et-christ-en-metal-argente","status":"publish","type":"product","link":"https:\/\/marneantic.com\/index.php\/produit\/chapelet-de-priere-ancien-perles-de-pierres-marrons-et-christ-en-metal-argente\/","title":{"rendered":"Chapelet de pri\u00e8re ancien, perles de pierres marrons et christ en m\u00e9tal argent\u00e9"},"content":{"rendered":"","protected":false},"excerpt":{"rendered":"<p>Chapelet de pri\u00e8re ancien, perles de pierres marrons et christ en m\u00e9tal argent\u00e9, en tr\u00e8s bon \u00e9tat, longueur totale:29cm<\/p>\n","protected":false},"featured_media":25029,"comment_status":"closed","ping_status":"closed","template":"","meta":{"_et_pb_use_builder":"","_et_pb_old_content":"","_et_gb_content_width":""},"product_cat":[14],"product_tag":[],"_links":{"self":[{"href":"https:\/\/marneantic.com\/index.php\/wp-json\/wp\/v2\/product\/25028"}],"collection":[{"href":"https:\/\/marneantic.com\/index.php\/wp-json\/wp\/v2\/product"}],"about":[{"href":"https:\/\/marneantic.com\/index.php\/wp-json\/wp\/v2\/types\/product"}],"replies":[{"embeddable":true,"href":"https:\/\/marneantic.com\/index.php\/wp-json\/wp\/v2\/comments?post=25028"}],"wp:featuredmedia":[{"embeddable":true,"href":"https:\/\/marneantic.com\/index.php\/wp-json\/wp\/v2\/media\/25029"}],"wp:attachment":[{"href":"https:\/\/marneantic.com\/index.php\/wp-json\/wp\/v2\/media?parent=25028"}],"wp:term":[{"taxonomy":"product_cat","embeddable":true,"href":"https:\/\/marneantic.com\/index.php\/wp-json\/wp\/v2\/product_cat?post=25028"},{"taxonomy":"product_tag","embeddable":true,"href":"https:\/\/marneantic.com\/index.php\/wp-json\/wp\/v2\/product_tag?post=25028"}],"curies":[{"name":"wp","href":"https:\/\/api.w.org\/{rel}","templated":true}]}}