{"id":25042,"date":"2025-01-08T16:02:55","date_gmt":"2025-01-08T15:02:55","guid":{"rendered":"https:\/\/marneantic.com\/?post_type=product&#038;p=25042"},"modified":"2025-01-08T16:08:53","modified_gmt":"2025-01-08T15:08:53","slug":"tasse-vintage-en-porcelaine-allemande-schirnding-bavaria","status":"publish","type":"product","link":"https:\/\/marneantic.com\/index.php\/produit\/tasse-vintage-en-porcelaine-allemande-schirnding-bavaria\/","title":{"rendered":"Tasse vintage en porcelaine Allemande &#8211; Schirnding Bavaria"},"content":{"rendered":"","protected":false},"excerpt":{"rendered":"<p>Tasse vintage en porcelaine Allemande &#8211; Schirnding Bavaria, en tr\u00e8s bon \u00e9tat, hauteur:6.3cm, diam\u00e8tre: 6.5cm<\/p>\n","protected":false},"featured_media":25043,"comment_status":"closed","ping_status":"closed","template":"","meta":{"_et_pb_use_builder":"","_et_pb_old_content":"","_et_gb_content_width":""},"product_cat":[26,7],"product_tag":[],"_links":{"self":[{"href":"https:\/\/marneantic.com\/index.php\/wp-json\/wp\/v2\/product\/25042"}],"collection":[{"href":"https:\/\/marneantic.com\/index.php\/wp-json\/wp\/v2\/product"}],"about":[{"href":"https:\/\/marneantic.com\/index.php\/wp-json\/wp\/v2\/types\/product"}],"replies":[{"embeddable":true,"href":"https:\/\/marneantic.com\/index.php\/wp-json\/wp\/v2\/comments?post=25042"}],"wp:featuredmedia":[{"embeddable":true,"href":"https:\/\/marneantic.com\/index.php\/wp-json\/wp\/v2\/media\/25043"}],"wp:attachment":[{"href":"https:\/\/marneantic.com\/index.php\/wp-json\/wp\/v2\/media?parent=25042"}],"wp:term":[{"taxonomy":"product_cat","embeddable":true,"href":"https:\/\/marneantic.com\/index.php\/wp-json\/wp\/v2\/product_cat?post=25042"},{"taxonomy":"product_tag","embeddable":true,"href":"https:\/\/marneantic.com\/index.php\/wp-json\/wp\/v2\/product_tag?post=25042"}],"curies":[{"name":"wp","href":"https:\/\/api.w.org\/{rel}","templated":true}]}}