{"id":25054,"date":"2025-01-10T14:03:31","date_gmt":"2025-01-10T13:03:31","guid":{"rendered":"https:\/\/marneantic.com\/?post_type=product&#038;p=25054"},"modified":"2025-01-10T14:12:41","modified_gmt":"2025-01-10T13:12:41","slug":"nappe-a-carreaux-ancienne-monogrammee-165x165cm","status":"publish","type":"product","link":"https:\/\/marneantic.com\/index.php\/produit\/nappe-a-carreaux-ancienne-monogrammee-165x165cm\/","title":{"rendered":"Nappe a carreaux ancienne monogramm\u00e9e :165x165cm"},"content":{"rendered":"","protected":false},"excerpt":{"rendered":"<p>Nappe a carreaux ancienne monogramm\u00e9e BJ :165x165cm en bon \u00e9tat. Linge lav\u00e9, v\u00e9rifi\u00e9 et repass\u00e9, sortie d&rsquo;armoire ancienne, il peut n\u00e9anmoins subsister sur notre linge ancien de petites taches qui auraient \u00e9chapp\u00e9es a notre lavage<\/p>\n","protected":false},"featured_media":25055,"comment_status":"open","ping_status":"closed","template":"","meta":{"_et_pb_use_builder":"","_et_pb_old_content":"","_et_gb_content_width":""},"product_cat":[33],"product_tag":[],"_links":{"self":[{"href":"https:\/\/marneantic.com\/index.php\/wp-json\/wp\/v2\/product\/25054"}],"collection":[{"href":"https:\/\/marneantic.com\/index.php\/wp-json\/wp\/v2\/product"}],"about":[{"href":"https:\/\/marneantic.com\/index.php\/wp-json\/wp\/v2\/types\/product"}],"replies":[{"embeddable":true,"href":"https:\/\/marneantic.com\/index.php\/wp-json\/wp\/v2\/comments?post=25054"}],"wp:featuredmedia":[{"embeddable":true,"href":"https:\/\/marneantic.com\/index.php\/wp-json\/wp\/v2\/media\/25055"}],"wp:attachment":[{"href":"https:\/\/marneantic.com\/index.php\/wp-json\/wp\/v2\/media?parent=25054"}],"wp:term":[{"taxonomy":"product_cat","embeddable":true,"href":"https:\/\/marneantic.com\/index.php\/wp-json\/wp\/v2\/product_cat?post=25054"},{"taxonomy":"product_tag","embeddable":true,"href":"https:\/\/marneantic.com\/index.php\/wp-json\/wp\/v2\/product_tag?post=25054"}],"curies":[{"name":"wp","href":"https:\/\/api.w.org\/{rel}","templated":true}]}}