{"id":25090,"date":"2025-01-13T15:43:24","date_gmt":"2025-01-13T14:43:24","guid":{"rendered":"https:\/\/marneantic.com\/?post_type=product&#038;p=25090"},"modified":"2025-01-13T15:48:50","modified_gmt":"2025-01-13T14:48:50","slug":"tasse-a-cafe-contemporaine-en-porcelaine-de-limoges-deshoulieres-forme-coeur","status":"publish","type":"product","link":"https:\/\/marneantic.com\/index.php\/produit\/tasse-a-cafe-contemporaine-en-porcelaine-de-limoges-deshoulieres-forme-coeur\/","title":{"rendered":"Tasse a caf\u00e9 contemporaine en porcelaine de Limoges Deshoulieres, forme c\u0153ur"},"content":{"rendered":"","protected":false},"excerpt":{"rendered":"<p>Tasse a caf\u00e9 contemporaine en porcelaine de Limoges, manufacture union limousine, en parfait \u00e9tat, tasse hauteur:5.9cm,diametre:5.7cm,diam\u00e8tre soucoupe:11cm<\/p>\n","protected":false},"featured_media":25091,"comment_status":"closed","ping_status":"closed","template":"","meta":{"_et_pb_use_builder":"","_et_pb_old_content":"","_et_gb_content_width":""},"product_cat":[26,7],"product_tag":[],"_links":{"self":[{"href":"https:\/\/marneantic.com\/index.php\/wp-json\/wp\/v2\/product\/25090"}],"collection":[{"href":"https:\/\/marneantic.com\/index.php\/wp-json\/wp\/v2\/product"}],"about":[{"href":"https:\/\/marneantic.com\/index.php\/wp-json\/wp\/v2\/types\/product"}],"replies":[{"embeddable":true,"href":"https:\/\/marneantic.com\/index.php\/wp-json\/wp\/v2\/comments?post=25090"}],"wp:featuredmedia":[{"embeddable":true,"href":"https:\/\/marneantic.com\/index.php\/wp-json\/wp\/v2\/media\/25091"}],"wp:attachment":[{"href":"https:\/\/marneantic.com\/index.php\/wp-json\/wp\/v2\/media?parent=25090"}],"wp:term":[{"taxonomy":"product_cat","embeddable":true,"href":"https:\/\/marneantic.com\/index.php\/wp-json\/wp\/v2\/product_cat?post=25090"},{"taxonomy":"product_tag","embeddable":true,"href":"https:\/\/marneantic.com\/index.php\/wp-json\/wp\/v2\/product_tag?post=25090"}],"curies":[{"name":"wp","href":"https:\/\/api.w.org\/{rel}","templated":true}]}}