{"id":25119,"date":"2025-01-18T14:19:01","date_gmt":"2025-01-18T13:19:01","guid":{"rendered":"https:\/\/marneantic.com\/?post_type=product&#038;p=25119"},"modified":"2025-01-18T14:24:41","modified_gmt":"2025-01-18T13:24:41","slug":"torchon-ancien-2","status":"publish","type":"product","link":"https:\/\/marneantic.com\/index.php\/produit\/torchon-ancien-2\/","title":{"rendered":"Torchon ancien"},"content":{"rendered":"","protected":false},"excerpt":{"rendered":"<p>torchon ancien en coton m\u00e9tis,dimensions:70x52cm, en tr\u00e8s bon \u00e9tat, lav\u00e9 repass\u00e9 et v\u00e9rifi\u00e9<\/p>\n","protected":false},"featured_media":25120,"comment_status":"open","ping_status":"closed","template":"","meta":{"_et_pb_use_builder":"","_et_pb_old_content":"","_et_gb_content_width":""},"product_cat":[33],"product_tag":[],"_links":{"self":[{"href":"https:\/\/marneantic.com\/index.php\/wp-json\/wp\/v2\/product\/25119"}],"collection":[{"href":"https:\/\/marneantic.com\/index.php\/wp-json\/wp\/v2\/product"}],"about":[{"href":"https:\/\/marneantic.com\/index.php\/wp-json\/wp\/v2\/types\/product"}],"replies":[{"embeddable":true,"href":"https:\/\/marneantic.com\/index.php\/wp-json\/wp\/v2\/comments?post=25119"}],"wp:featuredmedia":[{"embeddable":true,"href":"https:\/\/marneantic.com\/index.php\/wp-json\/wp\/v2\/media\/25120"}],"wp:attachment":[{"href":"https:\/\/marneantic.com\/index.php\/wp-json\/wp\/v2\/media?parent=25119"}],"wp:term":[{"taxonomy":"product_cat","embeddable":true,"href":"https:\/\/marneantic.com\/index.php\/wp-json\/wp\/v2\/product_cat?post=25119"},{"taxonomy":"product_tag","embeddable":true,"href":"https:\/\/marneantic.com\/index.php\/wp-json\/wp\/v2\/product_tag?post=25119"}],"curies":[{"name":"wp","href":"https:\/\/api.w.org\/{rel}","templated":true}]}}