{"id":25187,"date":"2025-01-22T15:04:48","date_gmt":"2025-01-22T14:04:48","guid":{"rendered":"https:\/\/marneantic.com\/?post_type=product&#038;p=25187"},"modified":"2025-01-22T15:14:05","modified_gmt":"2025-01-22T14:14:05","slug":"nappe-a-the-ancienne-brodee-78x78cm","status":"publish","type":"product","link":"https:\/\/marneantic.com\/index.php\/produit\/nappe-a-the-ancienne-brodee-78x78cm\/","title":{"rendered":"Nappe a th\u00e9 ancienne brod\u00e9e 78x78cm"},"content":{"rendered":"","protected":false},"excerpt":{"rendered":"<p><span style=\"font-family: Arial;\">Nappe a th\u00e9 ancienne brod\u00e9e en tr\u00e8s bon \u00e9tat, linge lav\u00e9 et repass\u00e9, il peut n\u00e9anmoins subsister des petites taches qui auraient \u00e9chapp\u00e9es a notre lavage., dimensions:78 x78cm<\/span><\/p>\n<div><\/div>\n","protected":false},"featured_media":25190,"comment_status":"open","ping_status":"closed","template":"","meta":{"_et_pb_use_builder":"","_et_pb_old_content":"","_et_gb_content_width":""},"product_cat":[33],"product_tag":[],"_links":{"self":[{"href":"https:\/\/marneantic.com\/index.php\/wp-json\/wp\/v2\/product\/25187"}],"collection":[{"href":"https:\/\/marneantic.com\/index.php\/wp-json\/wp\/v2\/product"}],"about":[{"href":"https:\/\/marneantic.com\/index.php\/wp-json\/wp\/v2\/types\/product"}],"replies":[{"embeddable":true,"href":"https:\/\/marneantic.com\/index.php\/wp-json\/wp\/v2\/comments?post=25187"}],"wp:featuredmedia":[{"embeddable":true,"href":"https:\/\/marneantic.com\/index.php\/wp-json\/wp\/v2\/media\/25190"}],"wp:attachment":[{"href":"https:\/\/marneantic.com\/index.php\/wp-json\/wp\/v2\/media?parent=25187"}],"wp:term":[{"taxonomy":"product_cat","embeddable":true,"href":"https:\/\/marneantic.com\/index.php\/wp-json\/wp\/v2\/product_cat?post=25187"},{"taxonomy":"product_tag","embeddable":true,"href":"https:\/\/marneantic.com\/index.php\/wp-json\/wp\/v2\/product_tag?post=25187"}],"curies":[{"name":"wp","href":"https:\/\/api.w.org\/{rel}","templated":true}]}}