{"id":25191,"date":"2025-01-22T15:15:31","date_gmt":"2025-01-22T14:15:31","guid":{"rendered":"https:\/\/marneantic.com\/?post_type=product&#038;p=25191"},"modified":"2025-01-22T15:20:26","modified_gmt":"2025-01-22T14:20:26","slug":"sac-ancien-publicitaire-en-toile-de-jute-saint-freres-3","status":"publish","type":"product","link":"https:\/\/marneantic.com\/index.php\/produit\/sac-ancien-publicitaire-en-toile-de-jute-saint-freres-3\/","title":{"rendered":"Sac ancien publicitaire en toile de jute \u00ab\u00a0Saint Fr\u00e8res\u00a0\u00bb"},"content":{"rendered":"","protected":false},"excerpt":{"rendered":"<p>grand sac ancien publicitaire en toile de jute \u00ab\u00a0Saint Fr\u00e8res\u00a0\u00bb belle publicit\u00e9 color\u00e9e, il a \u00e9t\u00e9 r\u00e9par\u00e9 de nombreuses fois ce qui lui donne une belle patine<br \/>\nlongueur:125cm<br \/>\nlargeur:72cm<\/p>\n","protected":false},"featured_media":25192,"comment_status":"closed","ping_status":"closed","template":"","meta":{"_et_pb_use_builder":"","_et_pb_old_content":"","_et_gb_content_width":""},"product_cat":[15,16],"product_tag":[],"_links":{"self":[{"href":"https:\/\/marneantic.com\/index.php\/wp-json\/wp\/v2\/product\/25191"}],"collection":[{"href":"https:\/\/marneantic.com\/index.php\/wp-json\/wp\/v2\/product"}],"about":[{"href":"https:\/\/marneantic.com\/index.php\/wp-json\/wp\/v2\/types\/product"}],"replies":[{"embeddable":true,"href":"https:\/\/marneantic.com\/index.php\/wp-json\/wp\/v2\/comments?post=25191"}],"wp:featuredmedia":[{"embeddable":true,"href":"https:\/\/marneantic.com\/index.php\/wp-json\/wp\/v2\/media\/25192"}],"wp:attachment":[{"href":"https:\/\/marneantic.com\/index.php\/wp-json\/wp\/v2\/media?parent=25191"}],"wp:term":[{"taxonomy":"product_cat","embeddable":true,"href":"https:\/\/marneantic.com\/index.php\/wp-json\/wp\/v2\/product_cat?post=25191"},{"taxonomy":"product_tag","embeddable":true,"href":"https:\/\/marneantic.com\/index.php\/wp-json\/wp\/v2\/product_tag?post=25191"}],"curies":[{"name":"wp","href":"https:\/\/api.w.org\/{rel}","templated":true}]}}