{"id":25195,"date":"2025-01-22T15:29:37","date_gmt":"2025-01-22T14:29:37","guid":{"rendered":"https:\/\/marneantic.com\/?post_type=product&#038;p=25195"},"modified":"2025-01-22T15:36:19","modified_gmt":"2025-01-22T14:36:19","slug":"cafetiere-ancienne-en-porcelaine-de-limoges-6","status":"publish","type":"product","link":"https:\/\/marneantic.com\/index.php\/produit\/cafetiere-ancienne-en-porcelaine-de-limoges-6\/","title":{"rendered":"Cafeti\u00e8re ancienne en porcelaine de Limoges"},"content":{"rendered":"","protected":false},"excerpt":{"rendered":"<p>cafeti\u00e8re ancienne en porcelaine de Limoges, manufacture Legrand &amp;Cie vers 1930,en tr\u00e8s bon \u00e9tat, hauteur totale:21cm,diametre:12.5cm hors poign\u00e9e et bec<\/p>\n","protected":false},"featured_media":25196,"comment_status":"open","ping_status":"closed","template":"","meta":{"_et_pb_use_builder":"","_et_pb_old_content":"","_et_gb_content_width":""},"product_cat":[26,7],"product_tag":[],"_links":{"self":[{"href":"https:\/\/marneantic.com\/index.php\/wp-json\/wp\/v2\/product\/25195"}],"collection":[{"href":"https:\/\/marneantic.com\/index.php\/wp-json\/wp\/v2\/product"}],"about":[{"href":"https:\/\/marneantic.com\/index.php\/wp-json\/wp\/v2\/types\/product"}],"replies":[{"embeddable":true,"href":"https:\/\/marneantic.com\/index.php\/wp-json\/wp\/v2\/comments?post=25195"}],"wp:featuredmedia":[{"embeddable":true,"href":"https:\/\/marneantic.com\/index.php\/wp-json\/wp\/v2\/media\/25196"}],"wp:attachment":[{"href":"https:\/\/marneantic.com\/index.php\/wp-json\/wp\/v2\/media?parent=25195"}],"wp:term":[{"taxonomy":"product_cat","embeddable":true,"href":"https:\/\/marneantic.com\/index.php\/wp-json\/wp\/v2\/product_cat?post=25195"},{"taxonomy":"product_tag","embeddable":true,"href":"https:\/\/marneantic.com\/index.php\/wp-json\/wp\/v2\/product_tag?post=25195"}],"curies":[{"name":"wp","href":"https:\/\/api.w.org\/{rel}","templated":true}]}}