{"id":25284,"date":"2025-01-29T16:51:45","date_gmt":"2025-01-29T15:51:45","guid":{"rendered":"https:\/\/marneantic.com\/?post_type=product&#038;p=25284"},"modified":"2025-01-29T16:56:54","modified_gmt":"2025-01-29T15:56:54","slug":"manche-pince-a-gigot-ancien-metal-argente-et-acier","status":"publish","type":"product","link":"https:\/\/marneantic.com\/index.php\/produit\/manche-pince-a-gigot-ancien-metal-argente-et-acier\/","title":{"rendered":"Manche\/pince \u00e0 gigot ancien, m\u00e9tal argent\u00e9 et acier"},"content":{"rendered":"","protected":false},"excerpt":{"rendered":"<p>manche\/pince \u00e0 gigot ancien, manche en m\u00e9tal argent\u00e9 et pince en acier, en bon \u00e9tat<\/p>\n<div>longueur:21.7cm<\/div>\n","protected":false},"featured_media":25285,"comment_status":"closed","ping_status":"closed","template":"","meta":{"_et_pb_use_builder":"","_et_pb_old_content":"","_et_gb_content_width":""},"product_cat":[13,10,29],"product_tag":[],"_links":{"self":[{"href":"https:\/\/marneantic.com\/index.php\/wp-json\/wp\/v2\/product\/25284"}],"collection":[{"href":"https:\/\/marneantic.com\/index.php\/wp-json\/wp\/v2\/product"}],"about":[{"href":"https:\/\/marneantic.com\/index.php\/wp-json\/wp\/v2\/types\/product"}],"replies":[{"embeddable":true,"href":"https:\/\/marneantic.com\/index.php\/wp-json\/wp\/v2\/comments?post=25284"}],"wp:featuredmedia":[{"embeddable":true,"href":"https:\/\/marneantic.com\/index.php\/wp-json\/wp\/v2\/media\/25285"}],"wp:attachment":[{"href":"https:\/\/marneantic.com\/index.php\/wp-json\/wp\/v2\/media?parent=25284"}],"wp:term":[{"taxonomy":"product_cat","embeddable":true,"href":"https:\/\/marneantic.com\/index.php\/wp-json\/wp\/v2\/product_cat?post=25284"},{"taxonomy":"product_tag","embeddable":true,"href":"https:\/\/marneantic.com\/index.php\/wp-json\/wp\/v2\/product_tag?post=25284"}],"curies":[{"name":"wp","href":"https:\/\/api.w.org\/{rel}","templated":true}]}}