{"id":25288,"date":"2025-01-29T17:14:54","date_gmt":"2025-01-29T16:14:54","guid":{"rendered":"https:\/\/marneantic.com\/?post_type=product&#038;p=25288"},"modified":"2025-01-29T17:27:04","modified_gmt":"2025-01-29T16:27:04","slug":"calendrier-perpetuel-de-bureau-vintage-annees-50-3","status":"publish","type":"product","link":"https:\/\/marneantic.com\/index.php\/produit\/calendrier-perpetuel-de-bureau-vintage-annees-50-3\/","title":{"rendered":"Calendrier perp\u00e9tuel de bureau vintage ann\u00e9es 50&prime;"},"content":{"rendered":"","protected":false},"excerpt":{"rendered":"<p>Perp\u00e9tuel de bureau vintage ann\u00e9es 50&prime; en m\u00e9tal dor\u00e9, en bon \u00e9tat(traces d&rsquo;usage) , longueur: 10.8cm, largeur: 7.5cm, hauteur: 6.5cm.<br \/>\nfonctionne<\/p>\n<div><\/div>\n","protected":false},"featured_media":25289,"comment_status":"open","ping_status":"closed","template":"","meta":{"_et_pb_use_builder":"","_et_pb_old_content":"","_et_gb_content_width":""},"product_cat":[14,8,16],"product_tag":[],"_links":{"self":[{"href":"https:\/\/marneantic.com\/index.php\/wp-json\/wp\/v2\/product\/25288"}],"collection":[{"href":"https:\/\/marneantic.com\/index.php\/wp-json\/wp\/v2\/product"}],"about":[{"href":"https:\/\/marneantic.com\/index.php\/wp-json\/wp\/v2\/types\/product"}],"replies":[{"embeddable":true,"href":"https:\/\/marneantic.com\/index.php\/wp-json\/wp\/v2\/comments?post=25288"}],"wp:featuredmedia":[{"embeddable":true,"href":"https:\/\/marneantic.com\/index.php\/wp-json\/wp\/v2\/media\/25289"}],"wp:attachment":[{"href":"https:\/\/marneantic.com\/index.php\/wp-json\/wp\/v2\/media?parent=25288"}],"wp:term":[{"taxonomy":"product_cat","embeddable":true,"href":"https:\/\/marneantic.com\/index.php\/wp-json\/wp\/v2\/product_cat?post=25288"},{"taxonomy":"product_tag","embeddable":true,"href":"https:\/\/marneantic.com\/index.php\/wp-json\/wp\/v2\/product_tag?post=25288"}],"curies":[{"name":"wp","href":"https:\/\/api.w.org\/{rel}","templated":true}]}}