{"id":25311,"date":"2025-02-04T17:33:26","date_gmt":"2025-02-04T16:33:26","guid":{"rendered":"https:\/\/marneantic.com\/?post_type=product&#038;p=25311"},"modified":"2025-02-04T17:38:08","modified_gmt":"2025-02-04T16:38:08","slug":"applique-double-vintage-annees-50-60-2","status":"publish","type":"product","link":"https:\/\/marneantic.com\/index.php\/produit\/applique-double-vintage-annees-50-60-2\/","title":{"rendered":"Applique double vintage ann\u00e9es 50\/60&prime;"},"content":{"rendered":"","protected":false},"excerpt":{"rendered":"<p>Applique vintage ann\u00e9es 50\/60&prime; en m\u00e9tal dor\u00e9 et luminaire en verre opalin blanc, en bon \u00e9tat(traces d&rsquo;oxydation sur la partie murale), \u00e9lectricit\u00e9 test\u00e9e<\/p>\n<div>hauteur totale:41cm<\/div>\n<div>largeur.27cm<\/div>\n<div>profondeur au mur:11cm<\/div>\n<div>fournie sans ampoules<\/div>\n<p>&nbsp;<\/p>\n","protected":false},"featured_media":25312,"comment_status":"closed","ping_status":"closed","template":"","meta":{"_et_pb_use_builder":"","_et_pb_old_content":"","_et_gb_content_width":""},"product_cat":[24,16],"product_tag":[],"_links":{"self":[{"href":"https:\/\/marneantic.com\/index.php\/wp-json\/wp\/v2\/product\/25311"}],"collection":[{"href":"https:\/\/marneantic.com\/index.php\/wp-json\/wp\/v2\/product"}],"about":[{"href":"https:\/\/marneantic.com\/index.php\/wp-json\/wp\/v2\/types\/product"}],"replies":[{"embeddable":true,"href":"https:\/\/marneantic.com\/index.php\/wp-json\/wp\/v2\/comments?post=25311"}],"wp:featuredmedia":[{"embeddable":true,"href":"https:\/\/marneantic.com\/index.php\/wp-json\/wp\/v2\/media\/25312"}],"wp:attachment":[{"href":"https:\/\/marneantic.com\/index.php\/wp-json\/wp\/v2\/media?parent=25311"}],"wp:term":[{"taxonomy":"product_cat","embeddable":true,"href":"https:\/\/marneantic.com\/index.php\/wp-json\/wp\/v2\/product_cat?post=25311"},{"taxonomy":"product_tag","embeddable":true,"href":"https:\/\/marneantic.com\/index.php\/wp-json\/wp\/v2\/product_tag?post=25311"}],"curies":[{"name":"wp","href":"https:\/\/api.w.org\/{rel}","templated":true}]}}