{"id":25317,"date":"2025-02-04T17:45:45","date_gmt":"2025-02-04T16:45:45","guid":{"rendered":"https:\/\/marneantic.com\/?post_type=product&#038;p=25317"},"modified":"2025-02-04T17:54:19","modified_gmt":"2025-02-04T16:54:19","slug":"applique-vintage-annees-60-4","status":"publish","type":"product","link":"https:\/\/marneantic.com\/index.php\/produit\/applique-vintage-annees-60-4\/","title":{"rendered":"Applique vintage, ann\u00e9es 60&prime;"},"content":{"rendered":"","protected":false},"excerpt":{"rendered":"<p>Applique vintage ann\u00e9es 60&prime; en m\u00e9tal dor\u00e9 et luminaire en verre, en bon \u00e9tat, traces d&rsquo;usage sur les parties m\u00e9talliques, \u00e9lectricit\u00e9 test\u00e9e, hauteur totale:31cm,largeur.17.5cm,profondeur au mur:13cm, fournie avec ampoule<\/p>\n<p>&nbsp;<\/p>\n","protected":false},"featured_media":25318,"comment_status":"closed","ping_status":"closed","template":"","meta":{"_et_pb_use_builder":"","_et_pb_old_content":"","_et_gb_content_width":""},"product_cat":[24,16],"product_tag":[],"_links":{"self":[{"href":"https:\/\/marneantic.com\/index.php\/wp-json\/wp\/v2\/product\/25317"}],"collection":[{"href":"https:\/\/marneantic.com\/index.php\/wp-json\/wp\/v2\/product"}],"about":[{"href":"https:\/\/marneantic.com\/index.php\/wp-json\/wp\/v2\/types\/product"}],"replies":[{"embeddable":true,"href":"https:\/\/marneantic.com\/index.php\/wp-json\/wp\/v2\/comments?post=25317"}],"wp:featuredmedia":[{"embeddable":true,"href":"https:\/\/marneantic.com\/index.php\/wp-json\/wp\/v2\/media\/25318"}],"wp:attachment":[{"href":"https:\/\/marneantic.com\/index.php\/wp-json\/wp\/v2\/media?parent=25317"}],"wp:term":[{"taxonomy":"product_cat","embeddable":true,"href":"https:\/\/marneantic.com\/index.php\/wp-json\/wp\/v2\/product_cat?post=25317"},{"taxonomy":"product_tag","embeddable":true,"href":"https:\/\/marneantic.com\/index.php\/wp-json\/wp\/v2\/product_tag?post=25317"}],"curies":[{"name":"wp","href":"https:\/\/api.w.org\/{rel}","templated":true}]}}