{"id":25331,"date":"2025-02-07T14:17:03","date_gmt":"2025-02-07T13:17:03","guid":{"rendered":"https:\/\/marneantic.com\/?post_type=product&#038;p=25331"},"modified":"2025-02-07T14:25:33","modified_gmt":"2025-02-07T13:25:33","slug":"drap-ancien-330x220cm-retour-brode-monogramme","status":"publish","type":"product","link":"https:\/\/marneantic.com\/index.php\/produit\/drap-ancien-330x220cm-retour-brode-monogramme\/","title":{"rendered":"Drap ancien 330x220cm &#8211; retour brod\u00e9\/monogramm\u00e9"},"content":{"rendered":"","protected":false},"excerpt":{"rendered":"<p>beau drap ancien 330x220cm &#8211; retour broderie de jours et monogramm\u00e9 RC, en tr\u00e8s bon \u00e9tat ( il se peut que sur nos pi\u00e8ces de linge des petites taches aient \u00e9chapp\u00e9es a notre lavage), linge v\u00e9rifi\u00e9, lav\u00e9 et repass\u00e9<\/p>\n","protected":false},"featured_media":25334,"comment_status":"open","ping_status":"closed","template":"","meta":{"_et_pb_use_builder":"","_et_pb_old_content":"","_et_gb_content_width":""},"product_cat":[33],"product_tag":[],"_links":{"self":[{"href":"https:\/\/marneantic.com\/index.php\/wp-json\/wp\/v2\/product\/25331"}],"collection":[{"href":"https:\/\/marneantic.com\/index.php\/wp-json\/wp\/v2\/product"}],"about":[{"href":"https:\/\/marneantic.com\/index.php\/wp-json\/wp\/v2\/types\/product"}],"replies":[{"embeddable":true,"href":"https:\/\/marneantic.com\/index.php\/wp-json\/wp\/v2\/comments?post=25331"}],"wp:featuredmedia":[{"embeddable":true,"href":"https:\/\/marneantic.com\/index.php\/wp-json\/wp\/v2\/media\/25334"}],"wp:attachment":[{"href":"https:\/\/marneantic.com\/index.php\/wp-json\/wp\/v2\/media?parent=25331"}],"wp:term":[{"taxonomy":"product_cat","embeddable":true,"href":"https:\/\/marneantic.com\/index.php\/wp-json\/wp\/v2\/product_cat?post=25331"},{"taxonomy":"product_tag","embeddable":true,"href":"https:\/\/marneantic.com\/index.php\/wp-json\/wp\/v2\/product_tag?post=25331"}],"curies":[{"name":"wp","href":"https:\/\/api.w.org\/{rel}","templated":true}]}}