{"id":25339,"date":"2025-02-10T14:01:46","date_gmt":"2025-02-10T13:01:46","guid":{"rendered":"https:\/\/marneantic.com\/?post_type=product&#038;p=25339"},"modified":"2025-02-10T14:06:56","modified_gmt":"2025-02-10T13:06:56","slug":"verre-de-table-ancien-bicolore-en-cristal-2","status":"publish","type":"product","link":"https:\/\/marneantic.com\/index.php\/produit\/verre-de-table-ancien-bicolore-en-cristal-2\/","title":{"rendered":"Verre de table ancien bicolore en cristal"},"content":{"rendered":"","protected":false},"excerpt":{"rendered":"<p><span style=\"font-size: large;\">Verre de table ancien bicolore en cristal en tr\u00e8s bon \u00e9tat sans \u00e9clats ni f\u00eales<\/span><\/p>\n<div><span style=\"font-size: large;\">hauteur:13cm<\/span><\/div>\n<div><span style=\"font-size: large;\">diam\u00e8tre du buvant:6.4cm<\/span><\/div>\n<div><span style=\"font-size: large;\">diam\u00e8tre du pied:6.5cm<\/span><\/div>\n","protected":false},"featured_media":25340,"comment_status":"closed","ping_status":"closed","template":"","meta":{"_et_pb_use_builder":"","_et_pb_old_content":"","_et_gb_content_width":""},"product_cat":[10,11],"product_tag":[],"_links":{"self":[{"href":"https:\/\/marneantic.com\/index.php\/wp-json\/wp\/v2\/product\/25339"}],"collection":[{"href":"https:\/\/marneantic.com\/index.php\/wp-json\/wp\/v2\/product"}],"about":[{"href":"https:\/\/marneantic.com\/index.php\/wp-json\/wp\/v2\/types\/product"}],"replies":[{"embeddable":true,"href":"https:\/\/marneantic.com\/index.php\/wp-json\/wp\/v2\/comments?post=25339"}],"wp:featuredmedia":[{"embeddable":true,"href":"https:\/\/marneantic.com\/index.php\/wp-json\/wp\/v2\/media\/25340"}],"wp:attachment":[{"href":"https:\/\/marneantic.com\/index.php\/wp-json\/wp\/v2\/media?parent=25339"}],"wp:term":[{"taxonomy":"product_cat","embeddable":true,"href":"https:\/\/marneantic.com\/index.php\/wp-json\/wp\/v2\/product_cat?post=25339"},{"taxonomy":"product_tag","embeddable":true,"href":"https:\/\/marneantic.com\/index.php\/wp-json\/wp\/v2\/product_tag?post=25339"}],"curies":[{"name":"wp","href":"https:\/\/api.w.org\/{rel}","templated":true}]}}