{"id":25348,"date":"2025-02-11T14:06:08","date_gmt":"2025-02-11T13:06:08","guid":{"rendered":"https:\/\/marneantic.com\/?post_type=product&#038;p=25348"},"modified":"2025-02-11T14:06:08","modified_gmt":"2025-02-11T13:06:08","slug":"lampadaire-vintage-annees-60","status":"publish","type":"product","link":"https:\/\/marneantic.com\/index.php\/produit\/lampadaire-vintage-annees-60\/","title":{"rendered":"Lampadaire vintage ann\u00e9es 60&prime;"},"content":{"rendered":"","protected":false},"excerpt":{"rendered":"<p>Lampadaire vintage ann\u00e9es 60&prime; a 3 feux, en m\u00e9tal noir et dor\u00e9, tulipes en verre pointes diamants, fonctionne parfaitement, en bon \u00e9tat, a signaler que le tube centrale a \u00e9t\u00e9 ouvert sur 1cm entre les 2 barres transversales pour une raison inconnue ce qui n&rsquo;est visible que d&rsquo;un cot\u00e9<br \/>\nbel exemplaire d&rsquo;\u00e9poque, fourni sans ampoules(ba\u00efonnette)<br \/>\nhauteur au plus haut: 143cm<br \/>\nlargeur:30cm<br \/>\ndiam\u00e8tre du pied: 35cm<\/p>\n<p>pas d&rsquo;exp\u00e9dition postale pour cet article, remise en main propre domicile ou livraison possible en r\u00e9gion parisienne(conditions sur demande) Les produits propos\u00e9s dans notre boutique sont anciens, ils peuvent pr\u00e9sent\u00e9s des traces d\u2019usure, d&rsquo;usage ou rayures qui donnent au produit son caract\u00e8re et son authenticit\u00e9, ils sont pr\u00e9sent\u00e9s au mieux dans la description, \u00e0 travers photos et textes, merci de bien les regarder.<br \/>\nLes livraisons assur\u00e9es par nos soins se feront uniquement le samedi matin pour Paris et la petite couronne<\/p>\n","protected":false},"featured_media":25352,"comment_status":"open","ping_status":"closed","template":"","meta":{"_et_pb_use_builder":"","_et_pb_old_content":"","_et_gb_content_width":""},"product_cat":[24,31],"product_tag":[],"_links":{"self":[{"href":"https:\/\/marneantic.com\/index.php\/wp-json\/wp\/v2\/product\/25348"}],"collection":[{"href":"https:\/\/marneantic.com\/index.php\/wp-json\/wp\/v2\/product"}],"about":[{"href":"https:\/\/marneantic.com\/index.php\/wp-json\/wp\/v2\/types\/product"}],"replies":[{"embeddable":true,"href":"https:\/\/marneantic.com\/index.php\/wp-json\/wp\/v2\/comments?post=25348"}],"wp:featuredmedia":[{"embeddable":true,"href":"https:\/\/marneantic.com\/index.php\/wp-json\/wp\/v2\/media\/25352"}],"wp:attachment":[{"href":"https:\/\/marneantic.com\/index.php\/wp-json\/wp\/v2\/media?parent=25348"}],"wp:term":[{"taxonomy":"product_cat","embeddable":true,"href":"https:\/\/marneantic.com\/index.php\/wp-json\/wp\/v2\/product_cat?post=25348"},{"taxonomy":"product_tag","embeddable":true,"href":"https:\/\/marneantic.com\/index.php\/wp-json\/wp\/v2\/product_tag?post=25348"}],"curies":[{"name":"wp","href":"https:\/\/api.w.org\/{rel}","templated":true}]}}