{"id":25354,"date":"2025-02-11T14:08:07","date_gmt":"2025-02-11T13:08:07","guid":{"rendered":"https:\/\/marneantic.com\/?post_type=product&#038;p=25354"},"modified":"2025-02-11T14:14:29","modified_gmt":"2025-02-11T13:14:29","slug":"tasse-a-the-ancienne-en-porcelaine-de-limoges-3","status":"publish","type":"product","link":"https:\/\/marneantic.com\/index.php\/produit\/tasse-a-the-ancienne-en-porcelaine-de-limoges-3\/","title":{"rendered":"Tasse a th\u00e9 ancienne en porcelaine de Limoges"},"content":{"rendered":"","protected":false},"excerpt":{"rendered":"<div>\n<div>\n<div>\n<p>Tasse a th\u00e9 ancienne en porcelaine de Limoges, manufacture F.Legrand&amp;Cie vers 1925, en tr\u00e8s bon \u00e9tat<\/p>\n<div>tasse hauteur:5cm<\/div>\n<div>diametre:8.5cm<\/div>\n<div>diam\u00e8tre soucoupe:14.6cm<\/div>\n<\/div>\n<\/div>\n<\/div>\n<div><\/div>\n","protected":false},"featured_media":25355,"comment_status":"closed","ping_status":"closed","template":"","meta":{"_et_pb_use_builder":"","_et_pb_old_content":"","_et_gb_content_width":""},"product_cat":[26,7],"product_tag":[],"_links":{"self":[{"href":"https:\/\/marneantic.com\/index.php\/wp-json\/wp\/v2\/product\/25354"}],"collection":[{"href":"https:\/\/marneantic.com\/index.php\/wp-json\/wp\/v2\/product"}],"about":[{"href":"https:\/\/marneantic.com\/index.php\/wp-json\/wp\/v2\/types\/product"}],"replies":[{"embeddable":true,"href":"https:\/\/marneantic.com\/index.php\/wp-json\/wp\/v2\/comments?post=25354"}],"wp:featuredmedia":[{"embeddable":true,"href":"https:\/\/marneantic.com\/index.php\/wp-json\/wp\/v2\/media\/25355"}],"wp:attachment":[{"href":"https:\/\/marneantic.com\/index.php\/wp-json\/wp\/v2\/media?parent=25354"}],"wp:term":[{"taxonomy":"product_cat","embeddable":true,"href":"https:\/\/marneantic.com\/index.php\/wp-json\/wp\/v2\/product_cat?post=25354"},{"taxonomy":"product_tag","embeddable":true,"href":"https:\/\/marneantic.com\/index.php\/wp-json\/wp\/v2\/product_tag?post=25354"}],"curies":[{"name":"wp","href":"https:\/\/api.w.org\/{rel}","templated":true}]}}