{"id":25406,"date":"2025-02-14T16:29:43","date_gmt":"2025-02-14T15:29:43","guid":{"rendered":"https:\/\/marneantic.com\/?post_type=product&#038;p=25406"},"modified":"2025-02-14T16:33:16","modified_gmt":"2025-02-14T15:33:16","slug":"lampe-ancienne-pied-pique-cierge-en-bronze-argente","status":"publish","type":"product","link":"https:\/\/marneantic.com\/index.php\/produit\/lampe-ancienne-pied-pique-cierge-en-bronze-argente\/","title":{"rendered":"Lampe ancienne, pied pique cierge en bronze argent\u00e9"},"content":{"rendered":"","protected":false},"excerpt":{"rendered":"<p><b>belle lampe ancienne, pied pique cierge en bronze argent\u00e9, en tr\u00e8s bon \u00e9tat<\/b><\/p>\n<div><b>abat-jour imitation peau, douille ba\u00efonnette<\/b><\/div>\n<div><b>fonctionne parfaitement<\/b><\/div>\n<div><b>fournie sans ampoule<\/b><\/div>\n<div><b>hauteur totale: 79cm<\/b><\/div>\n<div><b>diam\u00e8tre: 32cm<\/b><\/div>\n","protected":false},"featured_media":25413,"comment_status":"open","ping_status":"closed","template":"","meta":{"_et_pb_use_builder":"","_et_pb_old_content":"","_et_gb_content_width":""},"product_cat":[24],"product_tag":[],"_links":{"self":[{"href":"https:\/\/marneantic.com\/index.php\/wp-json\/wp\/v2\/product\/25406"}],"collection":[{"href":"https:\/\/marneantic.com\/index.php\/wp-json\/wp\/v2\/product"}],"about":[{"href":"https:\/\/marneantic.com\/index.php\/wp-json\/wp\/v2\/types\/product"}],"replies":[{"embeddable":true,"href":"https:\/\/marneantic.com\/index.php\/wp-json\/wp\/v2\/comments?post=25406"}],"wp:featuredmedia":[{"embeddable":true,"href":"https:\/\/marneantic.com\/index.php\/wp-json\/wp\/v2\/media\/25413"}],"wp:attachment":[{"href":"https:\/\/marneantic.com\/index.php\/wp-json\/wp\/v2\/media?parent=25406"}],"wp:term":[{"taxonomy":"product_cat","embeddable":true,"href":"https:\/\/marneantic.com\/index.php\/wp-json\/wp\/v2\/product_cat?post=25406"},{"taxonomy":"product_tag","embeddable":true,"href":"https:\/\/marneantic.com\/index.php\/wp-json\/wp\/v2\/product_tag?post=25406"}],"curies":[{"name":"wp","href":"https:\/\/api.w.org\/{rel}","templated":true}]}}