{"id":25430,"date":"2025-02-15T17:14:30","date_gmt":"2025-02-15T16:14:30","guid":{"rendered":"https:\/\/marneantic.com\/?post_type=product&#038;p=25430"},"modified":"2025-02-15T17:22:41","modified_gmt":"2025-02-15T16:22:41","slug":"bureau-dadministration-ancien-en-chene","status":"publish","type":"product","link":"https:\/\/marneantic.com\/index.php\/produit\/bureau-dadministration-ancien-en-chene\/","title":{"rendered":"Bureau d&rsquo;administration ancien en ch\u00eane"},"content":{"rendered":"","protected":false},"excerpt":{"rendered":"<p>Bureau d&rsquo;administration ancien en ch\u00eane avec rev\u00eatement en simili cuir en partie centrale du plateau qui sera a remplacer ,en bon \u00e9tat (traces d&rsquo;usage)<br \/>\n2 tiroirs avec poign\u00e9es coquilles<br \/>\nlargeur:150cm<br \/>\nprofondeur:77cm<br \/>\nhauteur:77cm<\/p>\n<p>Les produits propos\u00e9s dans notre boutique sont anciens, ils peuvent pr\u00e9sent\u00e9s des traces d\u2019usure, d&rsquo;usage ou rayures qui donnent au produit son caract\u00e8re et son authenticit\u00e9, ils sont pr\u00e9sent\u00e9s au mieux dans la description, \u00e0 travers photos et textes, merci de bien les regarder. Les livraisons assur\u00e9es par nos soins se feront uniquement le samedi matin pour paris et la petite couronne.<\/p>\n","protected":false},"featured_media":25431,"comment_status":"open","ping_status":"closed","template":"","meta":{"_et_pb_use_builder":"","_et_pb_old_content":"","_et_gb_content_width":""},"product_cat":[31,16],"product_tag":[],"_links":{"self":[{"href":"https:\/\/marneantic.com\/index.php\/wp-json\/wp\/v2\/product\/25430"}],"collection":[{"href":"https:\/\/marneantic.com\/index.php\/wp-json\/wp\/v2\/product"}],"about":[{"href":"https:\/\/marneantic.com\/index.php\/wp-json\/wp\/v2\/types\/product"}],"replies":[{"embeddable":true,"href":"https:\/\/marneantic.com\/index.php\/wp-json\/wp\/v2\/comments?post=25430"}],"wp:featuredmedia":[{"embeddable":true,"href":"https:\/\/marneantic.com\/index.php\/wp-json\/wp\/v2\/media\/25431"}],"wp:attachment":[{"href":"https:\/\/marneantic.com\/index.php\/wp-json\/wp\/v2\/media?parent=25430"}],"wp:term":[{"taxonomy":"product_cat","embeddable":true,"href":"https:\/\/marneantic.com\/index.php\/wp-json\/wp\/v2\/product_cat?post=25430"},{"taxonomy":"product_tag","embeddable":true,"href":"https:\/\/marneantic.com\/index.php\/wp-json\/wp\/v2\/product_tag?post=25430"}],"curies":[{"name":"wp","href":"https:\/\/api.w.org\/{rel}","templated":true}]}}