{"id":25473,"date":"2025-02-18T11:09:44","date_gmt":"2025-02-18T10:09:44","guid":{"rendered":"https:\/\/marneantic.com\/?post_type=product&#038;p=25473"},"modified":"2025-02-18T11:19:54","modified_gmt":"2025-02-18T10:19:54","slug":"vase-vintage-en-faience-val-dor","status":"publish","type":"product","link":"https:\/\/marneantic.com\/index.php\/produit\/vase-vintage-en-faience-val-dor\/","title":{"rendered":"Vase vintage en fa\u00efence Val d&rsquo;or"},"content":{"rendered":"","protected":false},"excerpt":{"rendered":"<p><strong>Vase vintage multicolore en fa\u00efence Val d&rsquo;or, en parfait \u00e9tat, hauteur: 13cm, diam\u00e8tre: 10.5cm<\/strong><\/p>\n<p>&nbsp;<\/p>\n<div><\/div>\n","protected":false},"featured_media":25474,"comment_status":"open","ping_status":"closed","template":"","meta":{"_et_pb_use_builder":"","_et_pb_old_content":"","_et_gb_content_width":""},"product_cat":[14,8,16],"product_tag":[],"_links":{"self":[{"href":"https:\/\/marneantic.com\/index.php\/wp-json\/wp\/v2\/product\/25473"}],"collection":[{"href":"https:\/\/marneantic.com\/index.php\/wp-json\/wp\/v2\/product"}],"about":[{"href":"https:\/\/marneantic.com\/index.php\/wp-json\/wp\/v2\/types\/product"}],"replies":[{"embeddable":true,"href":"https:\/\/marneantic.com\/index.php\/wp-json\/wp\/v2\/comments?post=25473"}],"wp:featuredmedia":[{"embeddable":true,"href":"https:\/\/marneantic.com\/index.php\/wp-json\/wp\/v2\/media\/25474"}],"wp:attachment":[{"href":"https:\/\/marneantic.com\/index.php\/wp-json\/wp\/v2\/media?parent=25473"}],"wp:term":[{"taxonomy":"product_cat","embeddable":true,"href":"https:\/\/marneantic.com\/index.php\/wp-json\/wp\/v2\/product_cat?post=25473"},{"taxonomy":"product_tag","embeddable":true,"href":"https:\/\/marneantic.com\/index.php\/wp-json\/wp\/v2\/product_tag?post=25473"}],"curies":[{"name":"wp","href":"https:\/\/api.w.org\/{rel}","templated":true}]}}