{"id":25477,"date":"2025-02-18T11:40:18","date_gmt":"2025-02-18T10:40:18","guid":{"rendered":"https:\/\/marneantic.com\/?post_type=product&#038;p=25477"},"modified":"2025-02-18T13:29:45","modified_gmt":"2025-02-18T12:29:45","slug":"coupelle-vintage-en-faience-forme-daubergine","status":"publish","type":"product","link":"https:\/\/marneantic.com\/index.php\/produit\/coupelle-vintage-en-faience-forme-daubergine\/","title":{"rendered":"Coupelle vintage en fa\u00efence forme d&rsquo;aubergine"},"content":{"rendered":"","protected":false},"excerpt":{"rendered":"<p>Coupelle vintage en fa\u00efence forme d&rsquo;aubergine en tr\u00e8s bon \u00e9tat, longueur:24cm,largeur:12cm,hauteur:4cm<\/p>\n","protected":false},"featured_media":25478,"comment_status":"open","ping_status":"closed","template":"","meta":{"_et_pb_use_builder":"","_et_pb_old_content":"","_et_gb_content_width":""},"product_cat":[13,10,16],"product_tag":[],"_links":{"self":[{"href":"https:\/\/marneantic.com\/index.php\/wp-json\/wp\/v2\/product\/25477"}],"collection":[{"href":"https:\/\/marneantic.com\/index.php\/wp-json\/wp\/v2\/product"}],"about":[{"href":"https:\/\/marneantic.com\/index.php\/wp-json\/wp\/v2\/types\/product"}],"replies":[{"embeddable":true,"href":"https:\/\/marneantic.com\/index.php\/wp-json\/wp\/v2\/comments?post=25477"}],"wp:featuredmedia":[{"embeddable":true,"href":"https:\/\/marneantic.com\/index.php\/wp-json\/wp\/v2\/media\/25478"}],"wp:attachment":[{"href":"https:\/\/marneantic.com\/index.php\/wp-json\/wp\/v2\/media?parent=25477"}],"wp:term":[{"taxonomy":"product_cat","embeddable":true,"href":"https:\/\/marneantic.com\/index.php\/wp-json\/wp\/v2\/product_cat?post=25477"},{"taxonomy":"product_tag","embeddable":true,"href":"https:\/\/marneantic.com\/index.php\/wp-json\/wp\/v2\/product_tag?post=25477"}],"curies":[{"name":"wp","href":"https:\/\/api.w.org\/{rel}","templated":true}]}}