{"id":25499,"date":"2025-02-24T13:49:29","date_gmt":"2025-02-24T12:49:29","guid":{"rendered":"https:\/\/marneantic.com\/?post_type=product&#038;p=25499"},"modified":"2025-02-24T13:56:31","modified_gmt":"2025-02-24T12:56:31","slug":"tasse-a-cafe-art-deco-ancienne-en-porcelaine-5","status":"publish","type":"product","link":"https:\/\/marneantic.com\/index.php\/produit\/tasse-a-cafe-art-deco-ancienne-en-porcelaine-5\/","title":{"rendered":"Tasse a caf\u00e9 art d\u00e9co ancienne en porcelaine"},"content":{"rendered":"","protected":false},"excerpt":{"rendered":"<p>Tasse a caf\u00e9 art d\u00e9co ancienne en porcelaine, en tr\u00e8s bon \u00e9tat, tasse hauteur:6.2cm,diametre:6.2cm,diam\u00e8tre soucoupe:13.2cm<\/p>\n","protected":false},"featured_media":25502,"comment_status":"closed","ping_status":"closed","template":"","meta":{"_et_pb_use_builder":"","_et_pb_old_content":"","_et_gb_content_width":""},"product_cat":[44,26,7],"product_tag":[],"_links":{"self":[{"href":"https:\/\/marneantic.com\/index.php\/wp-json\/wp\/v2\/product\/25499"}],"collection":[{"href":"https:\/\/marneantic.com\/index.php\/wp-json\/wp\/v2\/product"}],"about":[{"href":"https:\/\/marneantic.com\/index.php\/wp-json\/wp\/v2\/types\/product"}],"replies":[{"embeddable":true,"href":"https:\/\/marneantic.com\/index.php\/wp-json\/wp\/v2\/comments?post=25499"}],"wp:featuredmedia":[{"embeddable":true,"href":"https:\/\/marneantic.com\/index.php\/wp-json\/wp\/v2\/media\/25502"}],"wp:attachment":[{"href":"https:\/\/marneantic.com\/index.php\/wp-json\/wp\/v2\/media?parent=25499"}],"wp:term":[{"taxonomy":"product_cat","embeddable":true,"href":"https:\/\/marneantic.com\/index.php\/wp-json\/wp\/v2\/product_cat?post=25499"},{"taxonomy":"product_tag","embeddable":true,"href":"https:\/\/marneantic.com\/index.php\/wp-json\/wp\/v2\/product_tag?post=25499"}],"curies":[{"name":"wp","href":"https:\/\/api.w.org\/{rel}","templated":true}]}}