{"id":25570,"date":"2025-03-11T15:28:19","date_gmt":"2025-03-11T14:28:19","guid":{"rendered":"https:\/\/marneantic.com\/?post_type=product&#038;p=25570"},"modified":"2025-03-11T15:41:19","modified_gmt":"2025-03-11T14:41:19","slug":"bougeoir-4-feux-baroque-en-fils-tresses","status":"publish","type":"product","link":"https:\/\/marneantic.com\/index.php\/produit\/bougeoir-4-feux-baroque-en-fils-tresses\/","title":{"rendered":"Bougeoir 4 feux baroque en fils tress\u00e9s"},"content":{"rendered":"","protected":false},"excerpt":{"rendered":"<p>Bougeoir 4 feux baroque en fils tress\u00e9s, en bon \u00e9tat, traces d&rsquo;usage, diametre:24cm, hauteur:8cm<\/p>\n","protected":false},"featured_media":25571,"comment_status":"closed","ping_status":"closed","template":"","meta":{"_et_pb_use_builder":"","_et_pb_old_content":"","_et_gb_content_width":""},"product_cat":[8],"product_tag":[],"_links":{"self":[{"href":"https:\/\/marneantic.com\/index.php\/wp-json\/wp\/v2\/product\/25570"}],"collection":[{"href":"https:\/\/marneantic.com\/index.php\/wp-json\/wp\/v2\/product"}],"about":[{"href":"https:\/\/marneantic.com\/index.php\/wp-json\/wp\/v2\/types\/product"}],"replies":[{"embeddable":true,"href":"https:\/\/marneantic.com\/index.php\/wp-json\/wp\/v2\/comments?post=25570"}],"wp:featuredmedia":[{"embeddable":true,"href":"https:\/\/marneantic.com\/index.php\/wp-json\/wp\/v2\/media\/25571"}],"wp:attachment":[{"href":"https:\/\/marneantic.com\/index.php\/wp-json\/wp\/v2\/media?parent=25570"}],"wp:term":[{"taxonomy":"product_cat","embeddable":true,"href":"https:\/\/marneantic.com\/index.php\/wp-json\/wp\/v2\/product_cat?post=25570"},{"taxonomy":"product_tag","embeddable":true,"href":"https:\/\/marneantic.com\/index.php\/wp-json\/wp\/v2\/product_tag?post=25570"}],"curies":[{"name":"wp","href":"https:\/\/api.w.org\/{rel}","templated":true}]}}