{"id":25580,"date":"2025-03-12T16:04:18","date_gmt":"2025-03-12T15:04:18","guid":{"rendered":"https:\/\/marneantic.com\/?post_type=product&#038;p=25580"},"modified":"2025-03-12T16:09:51","modified_gmt":"2025-03-12T15:09:51","slug":"tasse-a-the-art-deco-ancienne-en-porcelaine","status":"publish","type":"product","link":"https:\/\/marneantic.com\/index.php\/produit\/tasse-a-the-art-deco-ancienne-en-porcelaine\/","title":{"rendered":"Tasse a th\u00e9 art d\u00e9co ancienne en porcelaine"},"content":{"rendered":"","protected":false},"excerpt":{"rendered":"<p>Tasse a th\u00e9 art d\u00e9co ancienne en porcelaine, en tr\u00e8s bon \u00e9tat, tasse hauteur:5.2cm,diametre:8.6cm,diam\u00e8tre soucoupe:13.5cm, aucune marque de fabrique<\/p>\n","protected":false},"featured_media":25581,"comment_status":"closed","ping_status":"closed","template":"","meta":{"_et_pb_use_builder":"","_et_pb_old_content":"","_et_gb_content_width":""},"product_cat":[44,26,7],"product_tag":[],"_links":{"self":[{"href":"https:\/\/marneantic.com\/index.php\/wp-json\/wp\/v2\/product\/25580"}],"collection":[{"href":"https:\/\/marneantic.com\/index.php\/wp-json\/wp\/v2\/product"}],"about":[{"href":"https:\/\/marneantic.com\/index.php\/wp-json\/wp\/v2\/types\/product"}],"replies":[{"embeddable":true,"href":"https:\/\/marneantic.com\/index.php\/wp-json\/wp\/v2\/comments?post=25580"}],"wp:featuredmedia":[{"embeddable":true,"href":"https:\/\/marneantic.com\/index.php\/wp-json\/wp\/v2\/media\/25581"}],"wp:attachment":[{"href":"https:\/\/marneantic.com\/index.php\/wp-json\/wp\/v2\/media?parent=25580"}],"wp:term":[{"taxonomy":"product_cat","embeddable":true,"href":"https:\/\/marneantic.com\/index.php\/wp-json\/wp\/v2\/product_cat?post=25580"},{"taxonomy":"product_tag","embeddable":true,"href":"https:\/\/marneantic.com\/index.php\/wp-json\/wp\/v2\/product_tag?post=25580"}],"curies":[{"name":"wp","href":"https:\/\/api.w.org\/{rel}","templated":true}]}}