{"id":25594,"date":"2025-03-12T17:26:10","date_gmt":"2025-03-12T16:26:10","guid":{"rendered":"https:\/\/marneantic.com\/?post_type=product&#038;p=25594"},"modified":"2025-03-12T17:30:45","modified_gmt":"2025-03-12T16:30:45","slug":"cafetiere-art-deco-ancienne-en-porcelaine-2","status":"publish","type":"product","link":"https:\/\/marneantic.com\/index.php\/produit\/cafetiere-art-deco-ancienne-en-porcelaine-2\/","title":{"rendered":"Cafeti\u00e8re art-d\u00e9co ancienne en porcelaine"},"content":{"rendered":"","protected":false},"excerpt":{"rendered":"<p>Cafeti\u00e8re art-d\u00e9co ancienne en porcelaine, en tr\u00e8s bon \u00e9tat, hauteur:24cm,diam\u00e8tre:12cm hors bec et poign\u00e9e, aucune marque de fabrique<\/p>\n","protected":false},"featured_media":25595,"comment_status":"closed","ping_status":"closed","template":"","meta":{"_et_pb_use_builder":"","_et_pb_old_content":"","_et_gb_content_width":""},"product_cat":[44,26,7],"product_tag":[],"_links":{"self":[{"href":"https:\/\/marneantic.com\/index.php\/wp-json\/wp\/v2\/product\/25594"}],"collection":[{"href":"https:\/\/marneantic.com\/index.php\/wp-json\/wp\/v2\/product"}],"about":[{"href":"https:\/\/marneantic.com\/index.php\/wp-json\/wp\/v2\/types\/product"}],"replies":[{"embeddable":true,"href":"https:\/\/marneantic.com\/index.php\/wp-json\/wp\/v2\/comments?post=25594"}],"wp:featuredmedia":[{"embeddable":true,"href":"https:\/\/marneantic.com\/index.php\/wp-json\/wp\/v2\/media\/25595"}],"wp:attachment":[{"href":"https:\/\/marneantic.com\/index.php\/wp-json\/wp\/v2\/media?parent=25594"}],"wp:term":[{"taxonomy":"product_cat","embeddable":true,"href":"https:\/\/marneantic.com\/index.php\/wp-json\/wp\/v2\/product_cat?post=25594"},{"taxonomy":"product_tag","embeddable":true,"href":"https:\/\/marneantic.com\/index.php\/wp-json\/wp\/v2\/product_tag?post=25594"}],"curies":[{"name":"wp","href":"https:\/\/api.w.org\/{rel}","templated":true}]}}