{"id":25599,"date":"2025-03-14T13:22:23","date_gmt":"2025-03-14T12:22:23","guid":{"rendered":"https:\/\/marneantic.com\/?post_type=product&#038;p=25599"},"modified":"2025-03-14T13:31:40","modified_gmt":"2025-03-14T12:31:40","slug":"paire-de-gravures-doiseaux-anciennes-encadrees","status":"publish","type":"product","link":"https:\/\/marneantic.com\/index.php\/produit\/paire-de-gravures-doiseaux-anciennes-encadrees\/","title":{"rendered":"Paire de gravures d&rsquo;oiseaux anciennes encadr\u00e9es"},"content":{"rendered":"","protected":false},"excerpt":{"rendered":"<p><span style=\"font-family: Arial; font-size: large;\"><b>Paire de gravures d&rsquo;oiseaux anciennes encadr\u00e9es(le tyran savanna &#8211; la pie de paradis) , bon \u00e9tat, pr\u00e9sence de petites taches brunes<\/b><\/span><br \/>\n<span style=\"font-family: Arial; font-size: large;\"><b>dimensions totale:41&#215;30.5cm<\/b><\/span><\/p>\n","protected":false},"featured_media":25600,"comment_status":"open","ping_status":"closed","template":"","meta":{"_et_pb_use_builder":"","_et_pb_old_content":"","_et_gb_content_width":""},"product_cat":[8],"product_tag":[],"_links":{"self":[{"href":"https:\/\/marneantic.com\/index.php\/wp-json\/wp\/v2\/product\/25599"}],"collection":[{"href":"https:\/\/marneantic.com\/index.php\/wp-json\/wp\/v2\/product"}],"about":[{"href":"https:\/\/marneantic.com\/index.php\/wp-json\/wp\/v2\/types\/product"}],"replies":[{"embeddable":true,"href":"https:\/\/marneantic.com\/index.php\/wp-json\/wp\/v2\/comments?post=25599"}],"wp:featuredmedia":[{"embeddable":true,"href":"https:\/\/marneantic.com\/index.php\/wp-json\/wp\/v2\/media\/25600"}],"wp:attachment":[{"href":"https:\/\/marneantic.com\/index.php\/wp-json\/wp\/v2\/media?parent=25599"}],"wp:term":[{"taxonomy":"product_cat","embeddable":true,"href":"https:\/\/marneantic.com\/index.php\/wp-json\/wp\/v2\/product_cat?post=25599"},{"taxonomy":"product_tag","embeddable":true,"href":"https:\/\/marneantic.com\/index.php\/wp-json\/wp\/v2\/product_tag?post=25599"}],"curies":[{"name":"wp","href":"https:\/\/api.w.org\/{rel}","templated":true}]}}