{"id":25611,"date":"2025-03-14T14:08:30","date_gmt":"2025-03-14T13:08:30","guid":{"rendered":"https:\/\/marneantic.com\/?post_type=product&#038;p=25611"},"modified":"2025-07-27T10:17:30","modified_gmt":"2025-07-27T09:17:30","slug":"tasse-a-the-art-deco-ancienne-en-porcelaine-de-limoges-haviland","status":"publish","type":"product","link":"https:\/\/marneantic.com\/index.php\/produit\/tasse-a-the-art-deco-ancienne-en-porcelaine-de-limoges-haviland\/","title":{"rendered":"Tasse a th\u00e9 art d\u00e9co ancienne en porcelaine de Limoges &#8211; Haviland"},"content":{"rendered":"","protected":false},"excerpt":{"rendered":"<p>Tasse a th\u00e9 art d\u00e9co ancienne en porcelaine de Limoges, manufacture Theodore Haviland, en tr\u00e8s bon \u00e9tat, tasse hauteur:5.1cm,diametre:9.1cm,diam\u00e8tre soucoupe:14.4cm<\/p>\n","protected":false},"featured_media":25612,"comment_status":"closed","ping_status":"closed","template":"","meta":{"_et_pb_use_builder":"","_et_pb_old_content":"","_et_gb_content_width":""},"product_cat":[44,26,7],"product_tag":[],"_links":{"self":[{"href":"https:\/\/marneantic.com\/index.php\/wp-json\/wp\/v2\/product\/25611"}],"collection":[{"href":"https:\/\/marneantic.com\/index.php\/wp-json\/wp\/v2\/product"}],"about":[{"href":"https:\/\/marneantic.com\/index.php\/wp-json\/wp\/v2\/types\/product"}],"replies":[{"embeddable":true,"href":"https:\/\/marneantic.com\/index.php\/wp-json\/wp\/v2\/comments?post=25611"}],"wp:featuredmedia":[{"embeddable":true,"href":"https:\/\/marneantic.com\/index.php\/wp-json\/wp\/v2\/media\/25612"}],"wp:attachment":[{"href":"https:\/\/marneantic.com\/index.php\/wp-json\/wp\/v2\/media?parent=25611"}],"wp:term":[{"taxonomy":"product_cat","embeddable":true,"href":"https:\/\/marneantic.com\/index.php\/wp-json\/wp\/v2\/product_cat?post=25611"},{"taxonomy":"product_tag","embeddable":true,"href":"https:\/\/marneantic.com\/index.php\/wp-json\/wp\/v2\/product_tag?post=25611"}],"curies":[{"name":"wp","href":"https:\/\/api.w.org\/{rel}","templated":true}]}}