{"id":25619,"date":"2025-03-14T14:26:11","date_gmt":"2025-03-14T13:26:11","guid":{"rendered":"https:\/\/marneantic.com\/?post_type=product&#038;p=25619"},"modified":"2025-09-08T12:40:32","modified_gmt":"2025-09-08T11:40:32","slug":"tasse-a-moka-ancienne-en-porcelaine-de-limoges-ahrenfeldt","status":"publish","type":"product","link":"https:\/\/marneantic.com\/index.php\/produit\/tasse-a-moka-ancienne-en-porcelaine-de-limoges-ahrenfeldt\/","title":{"rendered":"Tasse a moka  ancienne en porcelaine de Limoges &#8211; Ahrenfeldt"},"content":{"rendered":"","protected":false},"excerpt":{"rendered":"<p>Tasse a moka\u00a0 ancienne en porcelaine de Limoges &#8211; manufacture Charles Ahrenfeldt vers 1900, en tr\u00e8s bon \u00e9tat, tasse hauteur:4.7cm, diametre:4.8cm, diam\u00e8tre soucoupe:10.5cm<\/p>\n","protected":false},"featured_media":25622,"comment_status":"closed","ping_status":"closed","template":"","meta":{"_et_pb_use_builder":"","_et_pb_old_content":"","_et_gb_content_width":""},"product_cat":[26,7],"product_tag":[],"_links":{"self":[{"href":"https:\/\/marneantic.com\/index.php\/wp-json\/wp\/v2\/product\/25619"}],"collection":[{"href":"https:\/\/marneantic.com\/index.php\/wp-json\/wp\/v2\/product"}],"about":[{"href":"https:\/\/marneantic.com\/index.php\/wp-json\/wp\/v2\/types\/product"}],"replies":[{"embeddable":true,"href":"https:\/\/marneantic.com\/index.php\/wp-json\/wp\/v2\/comments?post=25619"}],"wp:featuredmedia":[{"embeddable":true,"href":"https:\/\/marneantic.com\/index.php\/wp-json\/wp\/v2\/media\/25622"}],"wp:attachment":[{"href":"https:\/\/marneantic.com\/index.php\/wp-json\/wp\/v2\/media?parent=25619"}],"wp:term":[{"taxonomy":"product_cat","embeddable":true,"href":"https:\/\/marneantic.com\/index.php\/wp-json\/wp\/v2\/product_cat?post=25619"},{"taxonomy":"product_tag","embeddable":true,"href":"https:\/\/marneantic.com\/index.php\/wp-json\/wp\/v2\/product_tag?post=25619"}],"curies":[{"name":"wp","href":"https:\/\/api.w.org\/{rel}","templated":true}]}}