{"id":25636,"date":"2025-03-25T16:59:36","date_gmt":"2025-03-25T15:59:36","guid":{"rendered":"https:\/\/marneantic.com\/?post_type=product&#038;p=25636"},"modified":"2025-03-25T16:59:36","modified_gmt":"2025-03-25T15:59:36","slug":"porte-bouteille-ancien-en-metal","status":"publish","type":"product","link":"https:\/\/marneantic.com\/index.php\/produit\/porte-bouteille-ancien-en-metal\/","title":{"rendered":"Porte-bouteille ancien en m\u00e9tal"},"content":{"rendered":"","protected":false},"excerpt":{"rendered":"<p>porte-bouteille ancien en m\u00e9tal en bon \u00e9tat,longueur:50cm,hauteur poign\u00e9e repli\u00e9e:30cm,largeur:10.5cm,contenance 5 bouteilles<\/p>\n","protected":false},"featured_media":25637,"comment_status":"open","ping_status":"closed","template":"","meta":{"_et_pb_use_builder":"","_et_pb_old_content":"","_et_gb_content_width":""},"product_cat":[16],"product_tag":[],"_links":{"self":[{"href":"https:\/\/marneantic.com\/index.php\/wp-json\/wp\/v2\/product\/25636"}],"collection":[{"href":"https:\/\/marneantic.com\/index.php\/wp-json\/wp\/v2\/product"}],"about":[{"href":"https:\/\/marneantic.com\/index.php\/wp-json\/wp\/v2\/types\/product"}],"replies":[{"embeddable":true,"href":"https:\/\/marneantic.com\/index.php\/wp-json\/wp\/v2\/comments?post=25636"}],"wp:featuredmedia":[{"embeddable":true,"href":"https:\/\/marneantic.com\/index.php\/wp-json\/wp\/v2\/media\/25637"}],"wp:attachment":[{"href":"https:\/\/marneantic.com\/index.php\/wp-json\/wp\/v2\/media?parent=25636"}],"wp:term":[{"taxonomy":"product_cat","embeddable":true,"href":"https:\/\/marneantic.com\/index.php\/wp-json\/wp\/v2\/product_cat?post=25636"},{"taxonomy":"product_tag","embeddable":true,"href":"https:\/\/marneantic.com\/index.php\/wp-json\/wp\/v2\/product_tag?post=25636"}],"curies":[{"name":"wp","href":"https:\/\/api.w.org\/{rel}","templated":true}]}}