{"id":25661,"date":"2025-03-26T14:45:59","date_gmt":"2025-03-26T13:45:59","guid":{"rendered":"https:\/\/marneantic.com\/?post_type=product&#038;p=25661"},"modified":"2025-03-26T14:57:06","modified_gmt":"2025-03-26T13:57:06","slug":"bougeoir-mural-vintage-gerbe-de-ble-en-laiton-peint","status":"publish","type":"product","link":"https:\/\/marneantic.com\/index.php\/produit\/bougeoir-mural-vintage-gerbe-de-ble-en-laiton-peint\/","title":{"rendered":"Bougeoir mural vintage \u00ab\u00a0gerbe de bl\u00e9\u00a0\u00bb en laiton peint"},"content":{"rendered":"","protected":false},"excerpt":{"rendered":"<p>Bougeoir mural vintage \u00ab\u00a0gerbe de bl\u00e9\u00a0\u00bb en laiton peint, belle qualit\u00e9 de fabrication, il manque une des trois petites feuilles de bl\u00e9 ainsi qu&rsquo;une petite p\u00e9tale autour du bougeoir droit<br \/>\nhauteur: 42cm<br \/>\nlargeur: 20cm<br \/>\nprofondeur au mur: 13cm<\/p>\n","protected":false},"featured_media":25662,"comment_status":"closed","ping_status":"closed","template":"","meta":{"_et_pb_use_builder":"","_et_pb_old_content":"","_et_gb_content_width":""},"product_cat":[8],"product_tag":[],"_links":{"self":[{"href":"https:\/\/marneantic.com\/index.php\/wp-json\/wp\/v2\/product\/25661"}],"collection":[{"href":"https:\/\/marneantic.com\/index.php\/wp-json\/wp\/v2\/product"}],"about":[{"href":"https:\/\/marneantic.com\/index.php\/wp-json\/wp\/v2\/types\/product"}],"replies":[{"embeddable":true,"href":"https:\/\/marneantic.com\/index.php\/wp-json\/wp\/v2\/comments?post=25661"}],"wp:featuredmedia":[{"embeddable":true,"href":"https:\/\/marneantic.com\/index.php\/wp-json\/wp\/v2\/media\/25662"}],"wp:attachment":[{"href":"https:\/\/marneantic.com\/index.php\/wp-json\/wp\/v2\/media?parent=25661"}],"wp:term":[{"taxonomy":"product_cat","embeddable":true,"href":"https:\/\/marneantic.com\/index.php\/wp-json\/wp\/v2\/product_cat?post=25661"},{"taxonomy":"product_tag","embeddable":true,"href":"https:\/\/marneantic.com\/index.php\/wp-json\/wp\/v2\/product_tag?post=25661"}],"curies":[{"name":"wp","href":"https:\/\/api.w.org\/{rel}","templated":true}]}}